{"id":7176,"date":"2015-06-17T13:54:13","date_gmt":"2015-06-17T11:54:13","guid":{"rendered":"http:\/\/djecja.tv\/?page_id=7176"},"modified":"2015-09-21T12:56:34","modified_gmt":"2015-09-21T10:56:34","slug":"najbolji-djecji-crtezi","status":"publish","type":"page","link":"https:\/\/djecja.tv\/?page_id=7176","title":{"rendered":"Najbolji dje\u010dji crte\u017ei"},"content":{"rendered":"[vc_row][vc_column width=&#8221;1\/1&#8243;][mk_divider style=&#8221;padding_space&#8221; divider_width=&#8221;full_width&#8221; custom_width=&#8221;10&#8243; align=&#8221;center&#8221; thickness=&#8221;1&#8243; margin_top=&#8221;20&#8243; margin_bottom=&#8221;20&#8243;][mk_gallery images=&#8221;7775,7777,7769,7767,7766,7765,7764,7763,7762,7761,7760,7759,7758,7757,7756,7755,7754,7753,7752,7751,7750,7749,7748,7747,7746,7745,7744,7743,7742,7741,7740,7739,7738,7737,7736,7735,7734,7733,7732,7731,7730,7729,7728,7727,7726,7725,7724,7723,7722,7721,7720,7719,7718,7717,7716,7715,7714,7713,7712,7711,7710,7709,7708,7707,7706,7705,7704,7703,7702,7701,7700,7699,7698,7697,7696,7695,7694,7693,7692,7691,7690,7689,7688,7687,7686,7685,7684,7683,7682,7681,7680,7679,7678,7677,7676,7675,7674,7673,7672,7671,7670,7669,7668,7667,7666,7665,7664,7663,7662,7661,7660,7659,7658,7657,7656,7655,7654,7653,7652,7651,7650,7649,7648,7647,7646,7645,7644,7643,7642,7641,7640,7639,7638,7637,7636,7635,7634,7633,7632,7631,7630,7629,7628,7627,7619,7620,7621,7622,7623,7624,7625,7626,7618,7617,7616,7615,7614,7613,7612,7611,7603,7604,7605,7606,7607,7608,7609,7610,7602,7601,7600,7599,7598,7597,7596,7595,7587,7588,7589,7590,7591,7592,7593,7594,7586,7585,7584,7583,7582,7581,7580,7579,7571,7572,7573,7574,7575,7576,7577,7578,7570,7569,7568,7567,7566,7565,7564,7563,7555,7556,7557,7558,7559,7560,7561,7562,7554,7553,7552,7551,7550,7549,7548,7547,7539,7540,7541,7542,7543,7544,7545,7546,7538,7537,7536,7535,7534,7533,7532,7531,7523,7524,7525,7526,7527,7528,7529,7530,7522,7521,7520,7519,7518,7517,7516,7515,7507,7508,7509,7510,7511,7512,7513,7514,7506,7505,7504,7503,7502,7501,7500,7499,7491,7492,7493,7494,7495,7496,7497,7498,7490,7489,7488,7487,7486,7485,7484,7483,7475,7476,7477,7478,7479,7480,7481,7482,7474,7473,7472,7471,7470,7469,7468,7467,7459,7460,7461,7462,7463,7464,7465,7466,7458,7457,7456,7455,7454,7453,7452,7451,7443,7444,7445,7446,7447,7448,7449,7450,7442,7441,7440,7439,7438,7437,7436,7435,7427,7428,7429,7430,7431,7432,7433,7434,7426,7425,7424,7423,7422,7421,7420,7419,7411,7412,7413,7414,7415,7416,7417,7418,7402,7409,7410,7408,7407,7406,7405,7404,7403,7395,7396,7397,7398,7399,7400,7401,7394,7393,7392,7391,7390,7389,7388,7387,7379,7380,7381,7382,7383,7384,7385,7386,7378,7377,7376,7375,7374,7373,7372,7371,7363,7364,7365,7366,7367,7368,7369,7370,7362,7361,7360,7359,7358,7357,7356,7355,7347,7348,7349,7350,7351,7352,7353,7354,7346,7345,7344,7343,7342,7341,7340,7339,7331,7332,7333,7334,7335,7336,7337,7338,7330,7329,7328,7327,7326,7325,7324,7323,7315,7316,7317,7318,7319,7320,7321,7322,7314,7313,7312,7311,7310,7309,7308,7307,7299,7300,7301,7302,7303,7304,7305,7306,7298,7297,7296,7295,7294,7293,7292,7291,7283,7284,7285,7286,7287,7288,7289,7290,7282,7281,7280,7279,7278,7277,7276,7275,7267,7268,7269,7270,7271,7272,7273,7274,7266,7265,7264,7263,7262,7261,7260,7259,7258,7257,7256,7255,7254,7253,7252,7251,7243,7244,7245,7246,7247,7248,7249,7250,7242,7241,7240,7239,7238,7237,7236,7235,7234,7233,7232,7231,7230,7229,7228,7227,7219,7220,7221,7222,7223,7224,7225,7226,7218,7217,7216,7215,7214,7213,7212,7211,7203,7204,7205,7206,7207,7208,7209,7210,7202,7201,7200,7199,7198,7197,7196,7195,7187,7188,7189,7190,7191,7192,7193,7194,7186,7185,7184,7183,7182,7181,7180,7178,7177,8992,8991,8990,8989,8988,8987,8986,8985,8984,8983,8982,8981,8980&#8243; style=&#8221;grid&#8221; column=&#8221;5&#8243; image_size=&#8221;crop&#8221; height=&#8221;140&#8243; hover_scenarios=&#8221;fadebox&#8221; item_spacing=&#8221;8&#8243; margin_bottom=&#8221;20&#8243; frame_style=&#8221;simple&#8221; disable_title=&#8221;true&#8221; image_quality=&#8221;1&#8243; pagination=&#8221;true&#8221; count=&#8221;100&#8243; pagination_style=&#8221;1&#8243; order=&#8221;DESC&#8221; orderby=&#8221;date&#8221; item_id=&#8221;1434540191-5581589fafe67&#8243;][mk_divider style=&#8221;padding_space&#8221; divider_width=&#8221;full_width&#8221; custom_width=&#8221;10&#8243; align=&#8221;center&#8221; thickness=&#8221;1&#8243; margin_top=&#8221;20&#8243; margin_bottom=&#8221;20&#8243;][\/vc_column][\/vc_row]\n","protected":false},"excerpt":{"rendered":"<p>[vc_row][vc_column width=&#8221;1\/1&#8243;][mk_divider style=&#8221;padding_space&#8221; divider_width=&#8221;full_width&#8221; custom_width=&#8221;10&#8243; align=&#8221;center&#8221; thickness=&#8221;1&#8243; margin_top=&#8221;20&#8243; margin_bottom=&#8221;20&#8243;][mk_gallery images=&#8221;7775,7777,7769,7767,7766,7765,7764,7763,7762,7761,7760,7759,7758,7757,7756,7755,7754,7753,7752,7751,7750,7749,7748,7747,7746,7745,7744,7743,7742,7741,7740,7739,7738,7737,7736,7735,7734,7733,7732,7731,7730,7729,7728,7727,7726,7725,7724,7723,7722,7721,7720,7719,7718,7717,7716,7715,7714,7713,7712,7711,7710,7709,7708,7707,7706,7705,7704,7703,7702,7701,7700,7699,7698,7697,7696,7695,7694,7693,7692,7691,7690,7689,7688,7687,7686,7685,7684,7683,7682,7681,7680,7679,7678,7677,7676,7675,7674,7673,7672,7671,7670,7669,7668,7667,7666,7665,7664,7663,7662,7661,7660,7659,7658,7657,7656,7655,7654,7653,7652,7651,7650,7649,7648,7647,7646,7645,7644,7643,7642,7641,7640,7639,7638,7637,7636,7635,7634,7633,7632,7631,7630,7629,7628,7627,7619,7620,7621,7622,7623,7624,7625,7626,7618,7617,7616,7615,7614,7613,7612,7611,7603,7604,7605,7606,7607,7608,7609,7610,7602,7601,7600,7599,7598,7597,7596,7595,7587,7588,7589,7590,7591,7592,7593,7594,7586,7585,7584,7583,7582,7581,7580,7579,7571,7572,7573,7574,7575,7576,7577,7578,7570,7569,7568,7567,7566,7565,7564,7563,7555,7556,7557,7558,7559,7560,7561,7562,7554,7553,7552,7551,7550,7549,7548,7547,7539,7540,7541,7542,7543,7544,7545,7546,7538,7537,7536,7535,7534,7533,7532,7531,7523,7524,7525,7526,7527,7528,7529,7530,7522,7521,7520,7519,7518,7517,7516,7515,7507,7508,7509,7510,7511,7512,7513,7514,7506,7505,7504,7503,7502,7501,7500,7499,7491,7492,7493,7494,7495,7496,7497,7498,7490,7489,7488,7487,7486,7485,7484,7483,7475,7476,7477,7478,7479,7480,7481,7482,7474,7473,7472,7471,7470,7469,7468,7467,7459,7460,7461,7462,7463,7464,7465,7466,7458,7457,7456,7455,7454,7453,7452,7451,7443,7444,7445,7446,7447,7448,7449,7450,7442,7441,7440,7439,7438,7437,7436,7435,7427,7428,7429,7430,7431,7432,7433,7434,7426,7425,7424,7423,7422,7421,7420,7419,7411,7412,7413,7414,7415,7416,7417,7418,7402,7409,7410,7408,7407,7406,7405,7404,7403,7395,7396,7397,7398,7399,7400,7401,7394,7393,7392,7391,7390,7389,7388,7387,7379,7380,7381,7382,7383,7384,7385,7386,7378,7377,7376,7375,7374,7373,7372,7371,7363,7364,7365,7366,7367,7368,7369,7370,7362,7361,7360,7359,7358,7357,7356,7355,7347,7348,7349,7350,7351,7352,7353,7354,7346,7345,7344,7343,7342,7341,7340,7339,7331,7332,7333,7334,7335,7336,7337,7338,7330,7329,7328,7327,7326,7325,7324,7323,7315,7316,7317,7318,7319,7320,7321,7322,7314,7313,7312,7311,7310,7309,7308,7307,7299,7300,7301,7302,7303,7304,7305,7306,7298,7297,7296,7295,7294,7293,7292,7291,7283,7284,7285,7286,7287,7288,7289,7290,7282,7281,7280,7279,7278,7277,7276,7275,7267,7268,7269,7270,7271,7272,7273,7274,7266,7265,7264,7263,7262,7261,7260,7259,7258,7257,7256,7255,7254,7253,7252,7251,7243,7244,7245,7246,7247,7248,7249,7250,7242,7241,7240,7239,7238,7237,7236,7235,7234,7233,7232,7231,7230,7229,7228,7227,7219,7220,7221,7222,7223,7224,7225,7226,7218,7217,7216,7215,7214,7213,7212,7211,7203,7204,7205,7206,7207,7208,7209,7210,7202,7201,7200,7199,7198,7197,7196,7195,7187,7188,7189,7190,7191,7192,7193,7194,7186,7185,7184,7183,7182,7181,7180,7178,7177,8992,8991,8990,8989,8988,8987,8986,8985,8984,8983,8982,8981,8980&#8243; style=&#8221;grid&#8221; column=&#8221;5&#8243; image_size=&#8221;crop&#8221; height=&#8221;140&#8243; hover_scenarios=&#8221;fadebox&#8221; item_spacing=&#8221;8&#8243; margin_bottom=&#8221;20&#8243; frame_style=&#8221;simple&#8221; disable_title=&#8221;true&#8221; image_quality=&#8221;1&#8243; pagination=&#8221;true&#8221; count=&#8221;100&#8243; pagination_style=&#8221;1&#8243; order=&#8221;DESC&#8221; orderby=&#8221;date&#8221; item_id=&#8221;1434540191-5581589fafe67&#8243;][mk_divider style=&#8221;padding_space&#8221; divider_width=&#8221;full_width&#8221; custom_width=&#8221;10&#8243; align=&#8221;center&#8221; thickness=&#8221;1&#8243; margin_top=&#8221;20&#8243; margin_bottom=&#8221;20&#8243;][\/vc_column][\/vc_row]<\/p>\n","protected":false},"author":1,"featured_media":0,"parent":0,"menu_order":0,"comment_status":"open","ping_status":"open","template":"","meta":{"footnotes":""},"class_list":["post-7176","page","type-page","status-publish","hentry"],"yoast_head":"<!-- This site is optimized with the Yoast SEO plugin v27.4 - https:\/\/yoast.com\/product\/yoast-seo-wordpress\/ -->\n<title>Najbolji dje\u010dji crte\u017ei - Dje\u010dja televizija<\/title>\n<meta name=\"robots\" content=\"index, follow, max-snippet:-1, max-image-preview:large, max-video-preview:-1\" \/>\n<link rel=\"canonical\" href=\"https:\/\/djecja.tv\/?page_id=7176\" \/>\n<meta property=\"og:locale\" content=\"en_US\" \/>\n<meta property=\"og:type\" content=\"article\" \/>\n<meta property=\"og:title\" content=\"Najbolji dje\u010dji crte\u017ei - Dje\u010dja televizija\" \/>\n<meta property=\"og:description\" content=\"[vc_row][vc_column width=&#8221;1\/1&#8243;][mk_divider style=&#8221;padding_space&#8221; divider_width=&#8221;full_width&#8221; custom_width=&#8221;10&#8243; align=&#8221;center&#8221; thickness=&#8221;1&#8243; margin_top=&#8221;20&#8243; margin_bottom=&#8221;20&#8243;][mk_gallery images=&#8221;7775,7777,7769,7767,7766,7765,7764,7763,7762,7761,7760,7759,7758,7757,7756,7755,7754,7753,7752,7751,7750,7749,7748,7747,7746,7745,7744,7743,7742,7741,7740,7739,7738,7737,7736,7735,7734,7733,7732,7731,7730,7729,7728,7727,7726,7725,7724,7723,7722,7721,7720,7719,7718,7717,7716,7715,7714,7713,7712,7711,7710,7709,7708,7707,7706,7705,7704,7703,7702,7701,7700,7699,7698,7697,7696,7695,7694,7693,7692,7691,7690,7689,7688,7687,7686,7685,7684,7683,7682,7681,7680,7679,7678,7677,7676,7675,7674,7673,7672,7671,7670,7669,7668,7667,7666,7665,7664,7663,7662,7661,7660,7659,7658,7657,7656,7655,7654,7653,7652,7651,7650,7649,7648,7647,7646,7645,7644,7643,7642,7641,7640,7639,7638,7637,7636,7635,7634,7633,7632,7631,7630,7629,7628,7627,7619,7620,7621,7622,7623,7624,7625,7626,7618,7617,7616,7615,7614,7613,7612,7611,7603,7604,7605,7606,7607,7608,7609,7610,7602,7601,7600,7599,7598,7597,7596,7595,7587,7588,7589,7590,7591,7592,7593,7594,7586,7585,7584,7583,7582,7581,7580,7579,7571,7572,7573,7574,7575,7576,7577,7578,7570,7569,7568,7567,7566,7565,7564,7563,7555,7556,7557,7558,7559,7560,7561,7562,7554,7553,7552,7551,7550,7549,7548,7547,7539,7540,7541,7542,7543,7544,7545,7546,7538,7537,7536,7535,7534,7533,7532,7531,7523,7524,7525,7526,7527,7528,7529,7530,7522,7521,7520,7519,7518,7517,7516,7515,7507,7508,7509,7510,7511,7512,7513,7514,7506,7505,7504,7503,7502,7501,7500,7499,7491,7492,7493,7494,7495,7496,7497,7498,7490,7489,7488,7487,7486,7485,7484,7483,7475,7476,7477,7478,7479,7480,7481,7482,7474,7473,7472,7471,7470,7469,7468,7467,7459,7460,7461,7462,7463,7464,7465,7466,7458,7457,7456,7455,7454,7453,7452,7451,7443,7444,7445,7446,7447,7448,7449,7450,7442,7441,7440,7439,7438,7437,7436,7435,7427,7428,7429,7430,7431,7432,7433,7434,7426,7425,7424,7423,7422,7421,7420,7419,7411,7412,7413,7414,7415,7416,7417,7418,7402,7409,7410,7408,7407,7406,7405,7404,7403,7395,7396,7397,7398,7399,7400,7401,7394,7393,7392,7391,7390,7389,7388,7387,7379,7380,7381,7382,7383,7384,7385,7386,7378,7377,7376,7375,7374,7373,7372,7371,7363,7364,7365,7366,7367,7368,7369,7370,7362,7361,7360,7359,7358,7357,7356,7355,7347,7348,7349,7350,7351,7352,7353,7354,7346,7345,7344,7343,7342,7341,7340,7339,7331,7332,7333,7334,7335,7336,7337,7338,7330,7329,7328,7327,7326,7325,7324,7323,7315,7316,7317,7318,7319,7320,7321,7322,7314,7313,7312,7311,7310,7309,7308,7307,7299,7300,7301,7302,7303,7304,7305,7306,7298,7297,7296,7295,7294,7293,7292,7291,7283,7284,7285,7286,7287,7288,7289,7290,7282,7281,7280,7279,7278,7277,7276,7275,7267,7268,7269,7270,7271,7272,7273,7274,7266,7265,7264,7263,7262,7261,7260,7259,7258,7257,7256,7255,7254,7253,7252,7251,7243,7244,7245,7246,7247,7248,7249,7250,7242,7241,7240,7239,7238,7237,7236,7235,7234,7233,7232,7231,7230,7229,7228,7227,7219,7220,7221,7222,7223,7224,7225,7226,7218,7217,7216,7215,7214,7213,7212,7211,7203,7204,7205,7206,7207,7208,7209,7210,7202,7201,7200,7199,7198,7197,7196,7195,7187,7188,7189,7190,7191,7192,7193,7194,7186,7185,7184,7183,7182,7181,7180,7178,7177,8992,8991,8990,8989,8988,8987,8986,8985,8984,8983,8982,8981,8980&#8243; style=&#8221;grid&#8221; column=&#8221;5&#8243; image_size=&#8221;crop&#8221; height=&#8221;140&#8243; hover_scenarios=&#8221;fadebox&#8221; item_spacing=&#8221;8&#8243; margin_bottom=&#8221;20&#8243; frame_style=&#8221;simple&#8221; disable_title=&#8221;true&#8221; image_quality=&#8221;1&#8243; pagination=&#8221;true&#8221; count=&#8221;100&#8243; pagination_style=&#8221;1&#8243; order=&#8221;DESC&#8221; orderby=&#8221;date&#8221; item_id=&#8221;1434540191-5581589fafe67&#8243;][mk_divider style=&#8221;padding_space&#8221; divider_width=&#8221;full_width&#8221; custom_width=&#8221;10&#8243; align=&#8221;center&#8221; thickness=&#8221;1&#8243; margin_top=&#8221;20&#8243; margin_bottom=&#8221;20&#8243;][\/vc_column][\/vc_row]\" \/>\n<meta property=\"og:url\" content=\"https:\/\/djecja.tv\/?page_id=7176\" \/>\n<meta property=\"og:site_name\" content=\"Dje\u010dja televizija\" \/>\n<meta property=\"article:modified_time\" content=\"2015-09-21T10:56:34+00:00\" \/>\n<meta name=\"twitter:card\" content=\"summary_large_image\" \/>\n<script type=\"application\/ld+json\" class=\"yoast-schema-graph\">{\"@context\":\"https:\\\/\\\/schema.org\",\"@graph\":[{\"@type\":\"WebPage\",\"@id\":\"https:\\\/\\\/djecja.tv\\\/?page_id=7176\",\"url\":\"https:\\\/\\\/djecja.tv\\\/?page_id=7176\",\"name\":\"Najbolji dje\u010dji crte\u017ei - Dje\u010dja televizija\",\"isPartOf\":{\"@id\":\"https:\\\/\\\/djecja.tv\\\/#website\"},\"datePublished\":\"2015-06-17T11:54:13+00:00\",\"dateModified\":\"2015-09-21T10:56:34+00:00\",\"breadcrumb\":{\"@id\":\"https:\\\/\\\/djecja.tv\\\/?page_id=7176#breadcrumb\"},\"inLanguage\":\"en-US\",\"potentialAction\":[{\"@type\":\"ReadAction\",\"target\":[\"https:\\\/\\\/djecja.tv\\\/?page_id=7176\"]}]},{\"@type\":\"BreadcrumbList\",\"@id\":\"https:\\\/\\\/djecja.tv\\\/?page_id=7176#breadcrumb\",\"itemListElement\":[{\"@type\":\"ListItem\",\"position\":1,\"name\":\"Home\",\"item\":\"https:\\\/\\\/djecja.tv\\\/\"},{\"@type\":\"ListItem\",\"position\":2,\"name\":\"Najbolji dje\u010dji crte\u017ei\"}]},{\"@type\":\"WebSite\",\"@id\":\"https:\\\/\\\/djecja.tv\\\/#website\",\"url\":\"https:\\\/\\\/djecja.tv\\\/\",\"name\":\"Dje\u010dja televizija\",\"description\":\"\",\"potentialAction\":[{\"@type\":\"SearchAction\",\"target\":{\"@type\":\"EntryPoint\",\"urlTemplate\":\"https:\\\/\\\/djecja.tv\\\/?s={search_term_string}\"},\"query-input\":{\"@type\":\"PropertyValueSpecification\",\"valueRequired\":true,\"valueName\":\"search_term_string\"}}],\"inLanguage\":\"en-US\"}]}<\/script>\n<!-- \/ Yoast SEO plugin. -->","yoast_head_json":{"title":"Najbolji dje\u010dji crte\u017ei - Dje\u010dja televizija","robots":{"index":"index","follow":"follow","max-snippet":"max-snippet:-1","max-image-preview":"max-image-preview:large","max-video-preview":"max-video-preview:-1"},"canonical":"https:\/\/djecja.tv\/?page_id=7176","og_locale":"en_US","og_type":"article","og_title":"Najbolji dje\u010dji crte\u017ei - Dje\u010dja televizija","og_description":"[vc_row][vc_column width=&#8221;1\/1&#8243;][mk_divider style=&#8221;padding_space&#8221; divider_width=&#8221;full_width&#8221; custom_width=&#8221;10&#8243; align=&#8221;center&#8221; thickness=&#8221;1&#8243; margin_top=&#8221;20&#8243; margin_bottom=&#8221;20&#8243;][mk_gallery images=&#8221;7775,7777,7769,7767,7766,7765,7764,7763,7762,7761,7760,7759,7758,7757,7756,7755,7754,7753,7752,7751,7750,7749,7748,7747,7746,7745,7744,7743,7742,7741,7740,7739,7738,7737,7736,7735,7734,7733,7732,7731,7730,7729,7728,7727,7726,7725,7724,7723,7722,7721,7720,7719,7718,7717,7716,7715,7714,7713,7712,7711,7710,7709,7708,7707,7706,7705,7704,7703,7702,7701,7700,7699,7698,7697,7696,7695,7694,7693,7692,7691,7690,7689,7688,7687,7686,7685,7684,7683,7682,7681,7680,7679,7678,7677,7676,7675,7674,7673,7672,7671,7670,7669,7668,7667,7666,7665,7664,7663,7662,7661,7660,7659,7658,7657,7656,7655,7654,7653,7652,7651,7650,7649,7648,7647,7646,7645,7644,7643,7642,7641,7640,7639,7638,7637,7636,7635,7634,7633,7632,7631,7630,7629,7628,7627,7619,7620,7621,7622,7623,7624,7625,7626,7618,7617,7616,7615,7614,7613,7612,7611,7603,7604,7605,7606,7607,7608,7609,7610,7602,7601,7600,7599,7598,7597,7596,7595,7587,7588,7589,7590,7591,7592,7593,7594,7586,7585,7584,7583,7582,7581,7580,7579,7571,7572,7573,7574,7575,7576,7577,7578,7570,7569,7568,7567,7566,7565,7564,7563,7555,7556,7557,7558,7559,7560,7561,7562,7554,7553,7552,7551,7550,7549,7548,7547,7539,7540,7541,7542,7543,7544,7545,7546,7538,7537,7536,7535,7534,7533,7532,7531,7523,7524,7525,7526,7527,7528,7529,7530,7522,7521,7520,7519,7518,7517,7516,7515,7507,7508,7509,7510,7511,7512,7513,7514,7506,7505,7504,7503,7502,7501,7500,7499,7491,7492,7493,7494,7495,7496,7497,7498,7490,7489,7488,7487,7486,7485,7484,7483,7475,7476,7477,7478,7479,7480,7481,7482,7474,7473,7472,7471,7470,7469,7468,7467,7459,7460,7461,7462,7463,7464,7465,7466,7458,7457,7456,7455,7454,7453,7452,7451,7443,7444,7445,7446,7447,7448,7449,7450,7442,7441,7440,7439,7438,7437,7436,7435,7427,7428,7429,7430,7431,7432,7433,7434,7426,7425,7424,7423,7422,7421,7420,7419,7411,7412,7413,7414,7415,7416,7417,7418,7402,7409,7410,7408,7407,7406,7405,7404,7403,7395,7396,7397,7398,7399,7400,7401,7394,7393,7392,7391,7390,7389,7388,7387,7379,7380,7381,7382,7383,7384,7385,7386,7378,7377,7376,7375,7374,7373,7372,7371,7363,7364,7365,7366,7367,7368,7369,7370,7362,7361,7360,7359,7358,7357,7356,7355,7347,7348,7349,7350,7351,7352,7353,7354,7346,7345,7344,7343,7342,7341,7340,7339,7331,7332,7333,7334,7335,7336,7337,7338,7330,7329,7328,7327,7326,7325,7324,7323,7315,7316,7317,7318,7319,7320,7321,7322,7314,7313,7312,7311,7310,7309,7308,7307,7299,7300,7301,7302,7303,7304,7305,7306,7298,7297,7296,7295,7294,7293,7292,7291,7283,7284,7285,7286,7287,7288,7289,7290,7282,7281,7280,7279,7278,7277,7276,7275,7267,7268,7269,7270,7271,7272,7273,7274,7266,7265,7264,7263,7262,7261,7260,7259,7258,7257,7256,7255,7254,7253,7252,7251,7243,7244,7245,7246,7247,7248,7249,7250,7242,7241,7240,7239,7238,7237,7236,7235,7234,7233,7232,7231,7230,7229,7228,7227,7219,7220,7221,7222,7223,7224,7225,7226,7218,7217,7216,7215,7214,7213,7212,7211,7203,7204,7205,7206,7207,7208,7209,7210,7202,7201,7200,7199,7198,7197,7196,7195,7187,7188,7189,7190,7191,7192,7193,7194,7186,7185,7184,7183,7182,7181,7180,7178,7177,8992,8991,8990,8989,8988,8987,8986,8985,8984,8983,8982,8981,8980&#8243; style=&#8221;grid&#8221; column=&#8221;5&#8243; image_size=&#8221;crop&#8221; height=&#8221;140&#8243; hover_scenarios=&#8221;fadebox&#8221; item_spacing=&#8221;8&#8243; margin_bottom=&#8221;20&#8243; frame_style=&#8221;simple&#8221; disable_title=&#8221;true&#8221; image_quality=&#8221;1&#8243; pagination=&#8221;true&#8221; count=&#8221;100&#8243; pagination_style=&#8221;1&#8243; order=&#8221;DESC&#8221; orderby=&#8221;date&#8221; item_id=&#8221;1434540191-5581589fafe67&#8243;][mk_divider style=&#8221;padding_space&#8221; divider_width=&#8221;full_width&#8221; custom_width=&#8221;10&#8243; align=&#8221;center&#8221; thickness=&#8221;1&#8243; margin_top=&#8221;20&#8243; margin_bottom=&#8221;20&#8243;][\/vc_column][\/vc_row]","og_url":"https:\/\/djecja.tv\/?page_id=7176","og_site_name":"Dje\u010dja televizija","article_modified_time":"2015-09-21T10:56:34+00:00","twitter_card":"summary_large_image","schema":{"@context":"https:\/\/schema.org","@graph":[{"@type":"WebPage","@id":"https:\/\/djecja.tv\/?page_id=7176","url":"https:\/\/djecja.tv\/?page_id=7176","name":"Najbolji dje\u010dji crte\u017ei - Dje\u010dja televizija","isPartOf":{"@id":"https:\/\/djecja.tv\/#website"},"datePublished":"2015-06-17T11:54:13+00:00","dateModified":"2015-09-21T10:56:34+00:00","breadcrumb":{"@id":"https:\/\/djecja.tv\/?page_id=7176#breadcrumb"},"inLanguage":"en-US","potentialAction":[{"@type":"ReadAction","target":["https:\/\/djecja.tv\/?page_id=7176"]}]},{"@type":"BreadcrumbList","@id":"https:\/\/djecja.tv\/?page_id=7176#breadcrumb","itemListElement":[{"@type":"ListItem","position":1,"name":"Home","item":"https:\/\/djecja.tv\/"},{"@type":"ListItem","position":2,"name":"Najbolji dje\u010dji crte\u017ei"}]},{"@type":"WebSite","@id":"https:\/\/djecja.tv\/#website","url":"https:\/\/djecja.tv\/","name":"Dje\u010dja televizija","description":"","potentialAction":[{"@type":"SearchAction","target":{"@type":"EntryPoint","urlTemplate":"https:\/\/djecja.tv\/?s={search_term_string}"},"query-input":{"@type":"PropertyValueSpecification","valueRequired":true,"valueName":"search_term_string"}}],"inLanguage":"en-US"}]}},"publishpress_future_action":{"enabled":false,"date":"2026-05-01 09:24:42","action":"change-status","newStatus":"draft","terms":[],"taxonomy":"","extraData":[]},"publishpress_future_workflow_manual_trigger":{"enabledWorkflows":[]},"_links":{"self":[{"href":"https:\/\/djecja.tv\/index.php?rest_route=\/wp\/v2\/pages\/7176","targetHints":{"allow":["GET"]}}],"collection":[{"href":"https:\/\/djecja.tv\/index.php?rest_route=\/wp\/v2\/pages"}],"about":[{"href":"https:\/\/djecja.tv\/index.php?rest_route=\/wp\/v2\/types\/page"}],"author":[{"embeddable":true,"href":"https:\/\/djecja.tv\/index.php?rest_route=\/wp\/v2\/users\/1"}],"replies":[{"embeddable":true,"href":"https:\/\/djecja.tv\/index.php?rest_route=%2Fwp%2Fv2%2Fcomments&post=7176"}],"version-history":[{"count":7,"href":"https:\/\/djecja.tv\/index.php?rest_route=\/wp\/v2\/pages\/7176\/revisions"}],"predecessor-version":[{"id":8993,"href":"https:\/\/djecja.tv\/index.php?rest_route=\/wp\/v2\/pages\/7176\/revisions\/8993"}],"wp:attachment":[{"href":"https:\/\/djecja.tv\/index.php?rest_route=%2Fwp%2Fv2%2Fmedia&parent=7176"}],"curies":[{"name":"wp","href":"https:\/\/api.w.org\/{rel}","templated":true}]}}