{"id":7148,"date":"2015-06-17T12:30:40","date_gmt":"2015-06-17T10:30:40","guid":{"rendered":"http:\/\/djecja.tv\/?page_id=7148"},"modified":"2021-01-11T12:01:48","modified_gmt":"2021-01-11T11:01:48","slug":"djecja-televizija","status":"publish","type":"page","link":"https:\/\/djecja.tv\/?page_id=7148","title":{"rendered":"Dje\u010dja televizija"},"content":{"rendered":"[vc_row fullwidth=&#8221;true&#8221;][vc_column][mk_image src=&#8221;http:\/\/djecja.tv\/wp-content\/uploads\/2019\/01\/una-h-i-g-web.jpg&#8221; image_size=&#8221;full&#8221; svg=&#8221;true&#8221; align=&#8221;center&#8221;][mk_divider style=&#8221;padding_space&#8221;][\/vc_column][\/vc_row][vc_row][vc_column][vc_column_text css=&#8221;.vc_custom_1610362905013{margin-bottom: 0px !important;}&#8221;]<strong>Dje\u010dja televizija<\/strong> je prva hrvatska televizija s programom namijenjenim isklju\u010divo djeci. Nastaje u produkciji tvrtke Croatia film d.o.o., najstarije hrvatske filmske ku\u0107e, osnovane 1946.godine, u sklopu koje su nastali mnogi poznati kratkometra\u017eni i dugometra\u017eni animinirani filmovi za djecu i odrasle, nekoliko animiranih serijala te mnogo poznatih reklamnih filmova.<\/p>\n<p><strong>U programu Dje\u010dje televizije<\/strong> su crtani, igrani i lutkarski serijali te snimljene emisije u kojima sudjeluju djeca, kao \u0161to su Top lista, U gostima, HA HA HA i Po\u0161alji svoj video. Program Dje\u010dje televizije mo\u017ee se pratiti na <a href=\"https:\/\/www.youtube.com\/user\/DjecjaTV\">YouTube kanalu Dje\u010dje televizije<\/a>.[\/vc_column_text][\/vc_column][\/vc_row]\n","protected":false},"excerpt":{"rendered":"<p>[vc_row fullwidth=&#8221;true&#8221;][vc_column][mk_image src=&#8221;http:\/\/djecja.tv\/wp-content\/uploads\/2019\/01\/una-h-i-g-web.jpg&#8221; image_size=&#8221;full&#8221; svg=&#8221;true&#8221; align=&#8221;center&#8221;][mk_divider style=&#8221;padding_space&#8221;][\/vc_column][\/vc_row][vc_row][vc_column][vc_column_text css=&#8221;.vc_custom_1610362905013{margin-bottom: 0px !important;}&#8221;]Dje\u010dja televizija je prva hrvatska televizija s programom namijenjenim isklju\u010divo djeci. Nastaje u produkciji tvrtke Croatia film d.o.o., najstarije hrvatske filmske ku\u0107e, osnovane 1946.godine, u sklopu koje su nastali mnogi poznati kratkometra\u017eni i dugometra\u017eni animinirani filmovi za djecu i odrasle, nekoliko animiranih serijala te mnogo poznatih [&hellip;]<\/p>\n","protected":false},"author":1,"featured_media":0,"parent":0,"menu_order":0,"comment_status":"open","ping_status":"open","template":"","meta":{"footnotes":""},"class_list":["post-7148","page","type-page","status-publish","hentry"],"yoast_head":"<!-- This site is optimized with the Yoast SEO plugin v27.4 - https:\/\/yoast.com\/product\/yoast-seo-wordpress\/ -->\n<title>Dje\u010dja televizija - Dje\u010dja televizija<\/title>\n<meta name=\"robots\" content=\"index, follow, max-snippet:-1, max-image-preview:large, max-video-preview:-1\" \/>\n<link rel=\"canonical\" href=\"https:\/\/djecja.tv\/?page_id=7148\" \/>\n<meta property=\"og:locale\" content=\"en_US\" \/>\n<meta property=\"og:type\" content=\"article\" \/>\n<meta property=\"og:title\" content=\"Dje\u010dja televizija - Dje\u010dja televizija\" \/>\n<meta property=\"og:description\" content=\"[vc_row fullwidth=&#8221;true&#8221;][vc_column][mk_image src=&#8221;http:\/\/djecja.tv\/wp-content\/uploads\/2019\/01\/una-h-i-g-web.jpg&#8221; image_size=&#8221;full&#8221; svg=&#8221;true&#8221; align=&#8221;center&#8221;][mk_divider style=&#8221;padding_space&#8221;][\/vc_column][\/vc_row][vc_row][vc_column][vc_column_text css=&#8221;.vc_custom_1610362905013{margin-bottom: 0px !important;}&#8221;]Dje\u010dja televizija je prva hrvatska televizija s programom namijenjenim isklju\u010divo djeci. Nastaje u produkciji tvrtke Croatia film d.o.o., najstarije hrvatske filmske ku\u0107e, osnovane 1946.godine, u sklopu koje su nastali mnogi poznati kratkometra\u017eni i dugometra\u017eni animinirani filmovi za djecu i odrasle, nekoliko animiranih serijala te mnogo poznatih [&hellip;]\" \/>\n<meta property=\"og:url\" content=\"https:\/\/djecja.tv\/?page_id=7148\" \/>\n<meta property=\"og:site_name\" content=\"Dje\u010dja televizija\" \/>\n<meta property=\"article:modified_time\" content=\"2021-01-11T11:01:48+00:00\" \/>\n<meta name=\"twitter:card\" content=\"summary_large_image\" \/>\n<meta name=\"twitter:label1\" content=\"Est. reading time\" \/>\n\t<meta name=\"twitter:data1\" content=\"1 minute\" \/>\n<script type=\"application\/ld+json\" class=\"yoast-schema-graph\">{\"@context\":\"https:\\\/\\\/schema.org\",\"@graph\":[{\"@type\":\"WebPage\",\"@id\":\"https:\\\/\\\/djecja.tv\\\/?page_id=7148\",\"url\":\"https:\\\/\\\/djecja.tv\\\/?page_id=7148\",\"name\":\"Dje\u010dja televizija - Dje\u010dja televizija\",\"isPartOf\":{\"@id\":\"https:\\\/\\\/djecja.tv\\\/#website\"},\"datePublished\":\"2015-06-17T10:30:40+00:00\",\"dateModified\":\"2021-01-11T11:01:48+00:00\",\"breadcrumb\":{\"@id\":\"https:\\\/\\\/djecja.tv\\\/?page_id=7148#breadcrumb\"},\"inLanguage\":\"en-US\",\"potentialAction\":[{\"@type\":\"ReadAction\",\"target\":[\"https:\\\/\\\/djecja.tv\\\/?page_id=7148\"]}]},{\"@type\":\"BreadcrumbList\",\"@id\":\"https:\\\/\\\/djecja.tv\\\/?page_id=7148#breadcrumb\",\"itemListElement\":[{\"@type\":\"ListItem\",\"position\":1,\"name\":\"Home\",\"item\":\"https:\\\/\\\/djecja.tv\\\/\"},{\"@type\":\"ListItem\",\"position\":2,\"name\":\"Dje\u010dja televizija\"}]},{\"@type\":\"WebSite\",\"@id\":\"https:\\\/\\\/djecja.tv\\\/#website\",\"url\":\"https:\\\/\\\/djecja.tv\\\/\",\"name\":\"Dje\u010dja televizija\",\"description\":\"\",\"potentialAction\":[{\"@type\":\"SearchAction\",\"target\":{\"@type\":\"EntryPoint\",\"urlTemplate\":\"https:\\\/\\\/djecja.tv\\\/?s={search_term_string}\"},\"query-input\":{\"@type\":\"PropertyValueSpecification\",\"valueRequired\":true,\"valueName\":\"search_term_string\"}}],\"inLanguage\":\"en-US\"}]}<\/script>\n<!-- \/ Yoast SEO plugin. -->","yoast_head_json":{"title":"Dje\u010dja televizija - Dje\u010dja televizija","robots":{"index":"index","follow":"follow","max-snippet":"max-snippet:-1","max-image-preview":"max-image-preview:large","max-video-preview":"max-video-preview:-1"},"canonical":"https:\/\/djecja.tv\/?page_id=7148","og_locale":"en_US","og_type":"article","og_title":"Dje\u010dja televizija - Dje\u010dja televizija","og_description":"[vc_row fullwidth=&#8221;true&#8221;][vc_column][mk_image src=&#8221;http:\/\/djecja.tv\/wp-content\/uploads\/2019\/01\/una-h-i-g-web.jpg&#8221; image_size=&#8221;full&#8221; svg=&#8221;true&#8221; align=&#8221;center&#8221;][mk_divider style=&#8221;padding_space&#8221;][\/vc_column][\/vc_row][vc_row][vc_column][vc_column_text css=&#8221;.vc_custom_1610362905013{margin-bottom: 0px !important;}&#8221;]Dje\u010dja televizija je prva hrvatska televizija s programom namijenjenim isklju\u010divo djeci. Nastaje u produkciji tvrtke Croatia film d.o.o., najstarije hrvatske filmske ku\u0107e, osnovane 1946.godine, u sklopu koje su nastali mnogi poznati kratkometra\u017eni i dugometra\u017eni animinirani filmovi za djecu i odrasle, nekoliko animiranih serijala te mnogo poznatih [&hellip;]","og_url":"https:\/\/djecja.tv\/?page_id=7148","og_site_name":"Dje\u010dja televizija","article_modified_time":"2021-01-11T11:01:48+00:00","twitter_card":"summary_large_image","twitter_misc":{"Est. reading time":"1 minute"},"schema":{"@context":"https:\/\/schema.org","@graph":[{"@type":"WebPage","@id":"https:\/\/djecja.tv\/?page_id=7148","url":"https:\/\/djecja.tv\/?page_id=7148","name":"Dje\u010dja televizija - Dje\u010dja televizija","isPartOf":{"@id":"https:\/\/djecja.tv\/#website"},"datePublished":"2015-06-17T10:30:40+00:00","dateModified":"2021-01-11T11:01:48+00:00","breadcrumb":{"@id":"https:\/\/djecja.tv\/?page_id=7148#breadcrumb"},"inLanguage":"en-US","potentialAction":[{"@type":"ReadAction","target":["https:\/\/djecja.tv\/?page_id=7148"]}]},{"@type":"BreadcrumbList","@id":"https:\/\/djecja.tv\/?page_id=7148#breadcrumb","itemListElement":[{"@type":"ListItem","position":1,"name":"Home","item":"https:\/\/djecja.tv\/"},{"@type":"ListItem","position":2,"name":"Dje\u010dja televizija"}]},{"@type":"WebSite","@id":"https:\/\/djecja.tv\/#website","url":"https:\/\/djecja.tv\/","name":"Dje\u010dja televizija","description":"","potentialAction":[{"@type":"SearchAction","target":{"@type":"EntryPoint","urlTemplate":"https:\/\/djecja.tv\/?s={search_term_string}"},"query-input":{"@type":"PropertyValueSpecification","valueRequired":true,"valueName":"search_term_string"}}],"inLanguage":"en-US"}]}},"publishpress_future_action":{"enabled":false,"date":"2026-04-24 08:09:49","action":"change-status","newStatus":"draft","terms":[],"taxonomy":"","extraData":[]},"publishpress_future_workflow_manual_trigger":{"enabledWorkflows":[]},"_links":{"self":[{"href":"https:\/\/djecja.tv\/index.php?rest_route=\/wp\/v2\/pages\/7148","targetHints":{"allow":["GET"]}}],"collection":[{"href":"https:\/\/djecja.tv\/index.php?rest_route=\/wp\/v2\/pages"}],"about":[{"href":"https:\/\/djecja.tv\/index.php?rest_route=\/wp\/v2\/types\/page"}],"author":[{"embeddable":true,"href":"https:\/\/djecja.tv\/index.php?rest_route=\/wp\/v2\/users\/1"}],"replies":[{"embeddable":true,"href":"https:\/\/djecja.tv\/index.php?rest_route=%2Fwp%2Fv2%2Fcomments&post=7148"}],"version-history":[{"count":25,"href":"https:\/\/djecja.tv\/index.php?rest_route=\/wp\/v2\/pages\/7148\/revisions"}],"predecessor-version":[{"id":17045,"href":"https:\/\/djecja.tv\/index.php?rest_route=\/wp\/v2\/pages\/7148\/revisions\/17045"}],"wp:attachment":[{"href":"https:\/\/djecja.tv\/index.php?rest_route=%2Fwp%2Fv2%2Fmedia&parent=7148"}],"curies":[{"name":"wp","href":"https:\/\/api.w.org\/{rel}","templated":true}]}}