{"id":4758,"date":"2014-09-01T10:38:06","date_gmt":"2014-09-01T10:38:06","guid":{"rendered":"http:\/\/artbees.net\/themes\/jupiter\/?page_id=4758"},"modified":"2022-03-31T15:13:59","modified_gmt":"2022-03-31T13:13:59","slug":"contact-us","status":"publish","type":"page","link":"https:\/\/djecja.tv\/?page_id=4758","title":{"rendered":"Kontakt"},"content":{"rendered":"[vc_row fullwidth=&#8221;true&#8221; css=&#8221;.vc_custom_1472462388425{padding-top: 0px !important;padding-right: 0px !important;padding-bottom: 0px !important;padding-left: 0px !important;}&#8221;][vc_column][mk_padding_divider size=&#8221;60&#8243;][mk_advanced_gmaps latitude=&#8221;45.8082455&#8243; longitude=&#8221;15.9771903&#8243; address=&#8221;Croatia Film, Katan\u010di\u0107eva 3,10000 Zagreb&#8221; pin_icon=&#8221;http:\/\/djecja.tv\/wp-content\/uploads\/2020\/01\/google-map-icon-dtv2.png&#8221; content_font_color=&#8221;#ffffff&#8221; height=&#8221;380&#8243;][\/vc_column][\/vc_row][mk_page_section bg_color=&#8221;#ea5a35&#8243; video_opacity=&#8221;0&#8243; min_height=&#8221;0&#8243; padding_top=&#8221;80&#8243; padding_bottom=&#8221;80&#8243; margin_bottom=&#8221;70&#8243; sidebar=&#8221;sidebar-1&#8243; first_page=&#8221;false&#8221; last_page=&#8221;false&#8221;][vc_column][mk_fancy_title strip_tags=&#8221;true&#8221; color=&#8221;#ffffff&#8221; size=&#8221;42&#8243; font_weight=&#8221;bold&#8221; txt_transform=&#8221;uppercase&#8221; letter_spacing=&#8221;3&#8243; margin_bottom=&#8221;0&#8243; font_family=&#8221;PT+Sans&#8221; font_type=&#8221;google&#8221; align=&#8221;center&#8221;]Javite nam se[\/mk_fancy_title][\/vc_column][\/mk_page_section][vc_row][vc_column width=&#8221;2\/3&#8243;][mk_fancy_title color=&#8221;#393836&#8243; size=&#8221;16&#8243; font_weight=&#8221;bold&#8221; font_style=&#8221;inhert&#8221; letter_spacing=&#8221;1&#8243; margin_bottom=&#8221;0&#8243; font_family=&#8221;none&#8221;]\n<p>Na\u0161a adresa<\/p>\n[\/mk_fancy_title][vc_column_text disable_pattern=&#8221;false&#8221; css=&#8221;.vc_custom_1596703101767{margin-bottom: 0px !important;}&#8221;]Croatia Film<br \/>\n(za Dje\u010dju TV)<br \/>\nKatan\u010di\u0107eva 3<br \/>\n10000 Zagreb<br \/>\nE-mail: djecja@djecja.tv<br \/>\nTel.: +385 1\u00a04813 711[\/vc_column_text][mk_padding_divider size=&#8221;60&#8243;][vc_column_text disable_pattern=&#8221;false&#8221; css=&#8221;.vc_custom_1648732463382{margin-bottom: 0px !important;}&#8221;]CROATIA FILM dru\u0161tvo s ograni\u010denom odgovorno\u0161\u0107u za promet, proizvodnju i prikazivanje filmova,<br \/>\nKatan\u010di\u0107eva 3, 10000 Zagreb, Hrvatska.<\/p>\n<p>Dru\u0161tvo je upisano u registar Trgova\u010dkog suda u Zagrebu, MBS: 080090482.<\/p>\n<p>ra\u010dun kod OTP banka d.d. Split \u2013 IBAN: HR1024070001100643741,<br \/>\nra\u010dun kod Raiffeisenbank Austria d.d., Zagreb \u2013 IBAN: HR0724840081100308180,<br \/>\nra\u010dun kod Privredne banke Zagreb d.d. Zagreb \u2013 IBAN: HR8623400091110353413<\/p>\n<p>Temeljni kapital u iznosu 10.578.300,00 upla\u0107en u cijelosti<br \/>\n\u010clanovi Uprave: Biserka Mihali\u0107, \u017deljko Zima<br \/>\nMB 3207447,<br \/>\nOIB: 74221993288[\/vc_column_text][vc_column_text css=&#8221;.vc_custom_1526991565349{margin-bottom: 0px !important;}&#8221;]<a href=\"http:\/\/djecja.tv\/?page_id=13323\"><strong>Izjava o za\u0161titi podataka<\/strong><\/a>[\/vc_column_text][mk_divider style=&#8221;padding_space&#8221;][\/vc_column][\/vc_row][vc_row][vc_column][vc_column_text]\n[\/vc_column_text][\/vc_column][\/vc_row]\n","protected":false},"excerpt":{"rendered":"<p>[vc_row fullwidth=&#8221;true&#8221; css=&#8221;.vc_custom_1472462388425{padding-top: 0px !important;padding-right: 0px !important;padding-bottom: 0px !important;padding-left: 0px !important;}&#8221;][vc_column][mk_padding_divider size=&#8221;60&#8243;][mk_advanced_gmaps latitude=&#8221;45.8082455&#8243; longitude=&#8221;15.9771903&#8243; address=&#8221;Croatia Film, Katan\u010di\u0107eva 3,10000 Zagreb&#8221; pin_icon=&#8221;http:\/\/djecja.tv\/wp-content\/uploads\/2020\/01\/google-map-icon-dtv2.png&#8221; content_font_color=&#8221;#ffffff&#8221; height=&#8221;380&#8243;][\/vc_column][\/vc_row][mk_page_section bg_color=&#8221;#ea5a35&#8243; video_opacity=&#8221;0&#8243; min_height=&#8221;0&#8243; padding_top=&#8221;80&#8243; padding_bottom=&#8221;80&#8243; margin_bottom=&#8221;70&#8243; sidebar=&#8221;sidebar-1&#8243; first_page=&#8221;false&#8221; last_page=&#8221;false&#8221;][vc_column][mk_fancy_title strip_tags=&#8221;true&#8221; color=&#8221;#ffffff&#8221; size=&#8221;42&#8243; font_weight=&#8221;bold&#8221; txt_transform=&#8221;uppercase&#8221; letter_spacing=&#8221;3&#8243; margin_bottom=&#8221;0&#8243; font_family=&#8221;PT+Sans&#8221; font_type=&#8221;google&#8221; align=&#8221;center&#8221;]Javite nam se[\/mk_fancy_title][\/vc_column][\/mk_page_section][vc_row][vc_column width=&#8221;2\/3&#8243;][mk_fancy_title color=&#8221;#393836&#8243; size=&#8221;16&#8243; font_weight=&#8221;bold&#8221; font_style=&#8221;inhert&#8221; letter_spacing=&#8221;1&#8243; margin_bottom=&#8221;0&#8243; font_family=&#8221;none&#8221;] Na\u0161a adresa [\/mk_fancy_title][vc_column_text disable_pattern=&#8221;false&#8221; [&hellip;]<\/p>\n","protected":false},"author":1,"featured_media":0,"parent":0,"menu_order":0,"comment_status":"open","ping_status":"open","template":"","meta":{"footnotes":""},"class_list":["post-4758","page","type-page","status-publish","hentry"],"yoast_head":"<!-- This site is optimized with the Yoast SEO plugin v27.4 - https:\/\/yoast.com\/product\/yoast-seo-wordpress\/ -->\n<title>Kontakt - Dje\u010dja televizija<\/title>\n<meta name=\"robots\" content=\"index, follow, max-snippet:-1, max-image-preview:large, max-video-preview:-1\" \/>\n<link rel=\"canonical\" href=\"https:\/\/djecja.tv\/?page_id=4758\" \/>\n<meta property=\"og:locale\" content=\"en_US\" \/>\n<meta property=\"og:type\" content=\"article\" \/>\n<meta property=\"og:title\" content=\"Kontakt - Dje\u010dja televizija\" \/>\n<meta property=\"og:description\" content=\"[vc_row fullwidth=&#8221;true&#8221; css=&#8221;.vc_custom_1472462388425{padding-top: 0px !important;padding-right: 0px !important;padding-bottom: 0px !important;padding-left: 0px !important;}&#8221;][vc_column][mk_padding_divider size=&#8221;60&#8243;][mk_advanced_gmaps latitude=&#8221;45.8082455&#8243; longitude=&#8221;15.9771903&#8243; address=&#8221;Croatia Film, Katan\u010di\u0107eva 3,10000 Zagreb&#8221; pin_icon=&#8221;http:\/\/djecja.tv\/wp-content\/uploads\/2020\/01\/google-map-icon-dtv2.png&#8221; content_font_color=&#8221;#ffffff&#8221; height=&#8221;380&#8243;][\/vc_column][\/vc_row][mk_page_section bg_color=&#8221;#ea5a35&#8243; video_opacity=&#8221;0&#8243; min_height=&#8221;0&#8243; padding_top=&#8221;80&#8243; padding_bottom=&#8221;80&#8243; margin_bottom=&#8221;70&#8243; sidebar=&#8221;sidebar-1&#8243; first_page=&#8221;false&#8221; last_page=&#8221;false&#8221;][vc_column][mk_fancy_title strip_tags=&#8221;true&#8221; color=&#8221;#ffffff&#8221; size=&#8221;42&#8243; font_weight=&#8221;bold&#8221; txt_transform=&#8221;uppercase&#8221; letter_spacing=&#8221;3&#8243; margin_bottom=&#8221;0&#8243; font_family=&#8221;PT+Sans&#8221; font_type=&#8221;google&#8221; align=&#8221;center&#8221;]Javite nam se[\/mk_fancy_title][\/vc_column][\/mk_page_section][vc_row][vc_column width=&#8221;2\/3&#8243;][mk_fancy_title color=&#8221;#393836&#8243; size=&#8221;16&#8243; font_weight=&#8221;bold&#8221; font_style=&#8221;inhert&#8221; letter_spacing=&#8221;1&#8243; margin_bottom=&#8221;0&#8243; font_family=&#8221;none&#8221;] Na\u0161a adresa [\/mk_fancy_title][vc_column_text disable_pattern=&#8221;false&#8221; [&hellip;]\" \/>\n<meta property=\"og:url\" content=\"https:\/\/djecja.tv\/?page_id=4758\" \/>\n<meta property=\"og:site_name\" content=\"Dje\u010dja televizija\" \/>\n<meta property=\"article:modified_time\" content=\"2022-03-31T13:13:59+00:00\" \/>\n<meta name=\"twitter:card\" content=\"summary_large_image\" \/>\n<meta name=\"twitter:label1\" content=\"Est. reading time\" \/>\n\t<meta name=\"twitter:data1\" content=\"1 minute\" \/>\n<script type=\"application\/ld+json\" class=\"yoast-schema-graph\">{\"@context\":\"https:\\\/\\\/schema.org\",\"@graph\":[{\"@type\":\"WebPage\",\"@id\":\"https:\\\/\\\/djecja.tv\\\/?page_id=4758\",\"url\":\"https:\\\/\\\/djecja.tv\\\/?page_id=4758\",\"name\":\"Kontakt - Dje\u010dja televizija\",\"isPartOf\":{\"@id\":\"https:\\\/\\\/djecja.tv\\\/#website\"},\"datePublished\":\"2014-09-01T10:38:06+00:00\",\"dateModified\":\"2022-03-31T13:13:59+00:00\",\"breadcrumb\":{\"@id\":\"https:\\\/\\\/djecja.tv\\\/?page_id=4758#breadcrumb\"},\"inLanguage\":\"en-US\",\"potentialAction\":[{\"@type\":\"ReadAction\",\"target\":[\"https:\\\/\\\/djecja.tv\\\/?page_id=4758\"]}]},{\"@type\":\"BreadcrumbList\",\"@id\":\"https:\\\/\\\/djecja.tv\\\/?page_id=4758#breadcrumb\",\"itemListElement\":[{\"@type\":\"ListItem\",\"position\":1,\"name\":\"Home\",\"item\":\"https:\\\/\\\/djecja.tv\\\/\"},{\"@type\":\"ListItem\",\"position\":2,\"name\":\"Kontakt\"}]},{\"@type\":\"WebSite\",\"@id\":\"https:\\\/\\\/djecja.tv\\\/#website\",\"url\":\"https:\\\/\\\/djecja.tv\\\/\",\"name\":\"Dje\u010dja televizija\",\"description\":\"\",\"potentialAction\":[{\"@type\":\"SearchAction\",\"target\":{\"@type\":\"EntryPoint\",\"urlTemplate\":\"https:\\\/\\\/djecja.tv\\\/?s={search_term_string}\"},\"query-input\":{\"@type\":\"PropertyValueSpecification\",\"valueRequired\":true,\"valueName\":\"search_term_string\"}}],\"inLanguage\":\"en-US\"}]}<\/script>\n<!-- \/ Yoast SEO plugin. -->","yoast_head_json":{"title":"Kontakt - Dje\u010dja televizija","robots":{"index":"index","follow":"follow","max-snippet":"max-snippet:-1","max-image-preview":"max-image-preview:large","max-video-preview":"max-video-preview:-1"},"canonical":"https:\/\/djecja.tv\/?page_id=4758","og_locale":"en_US","og_type":"article","og_title":"Kontakt - Dje\u010dja televizija","og_description":"[vc_row fullwidth=&#8221;true&#8221; css=&#8221;.vc_custom_1472462388425{padding-top: 0px !important;padding-right: 0px !important;padding-bottom: 0px !important;padding-left: 0px !important;}&#8221;][vc_column][mk_padding_divider size=&#8221;60&#8243;][mk_advanced_gmaps latitude=&#8221;45.8082455&#8243; longitude=&#8221;15.9771903&#8243; address=&#8221;Croatia Film, Katan\u010di\u0107eva 3,10000 Zagreb&#8221; pin_icon=&#8221;http:\/\/djecja.tv\/wp-content\/uploads\/2020\/01\/google-map-icon-dtv2.png&#8221; content_font_color=&#8221;#ffffff&#8221; height=&#8221;380&#8243;][\/vc_column][\/vc_row][mk_page_section bg_color=&#8221;#ea5a35&#8243; video_opacity=&#8221;0&#8243; min_height=&#8221;0&#8243; padding_top=&#8221;80&#8243; padding_bottom=&#8221;80&#8243; margin_bottom=&#8221;70&#8243; sidebar=&#8221;sidebar-1&#8243; first_page=&#8221;false&#8221; last_page=&#8221;false&#8221;][vc_column][mk_fancy_title strip_tags=&#8221;true&#8221; color=&#8221;#ffffff&#8221; size=&#8221;42&#8243; font_weight=&#8221;bold&#8221; txt_transform=&#8221;uppercase&#8221; letter_spacing=&#8221;3&#8243; margin_bottom=&#8221;0&#8243; font_family=&#8221;PT+Sans&#8221; font_type=&#8221;google&#8221; align=&#8221;center&#8221;]Javite nam se[\/mk_fancy_title][\/vc_column][\/mk_page_section][vc_row][vc_column width=&#8221;2\/3&#8243;][mk_fancy_title color=&#8221;#393836&#8243; size=&#8221;16&#8243; font_weight=&#8221;bold&#8221; font_style=&#8221;inhert&#8221; letter_spacing=&#8221;1&#8243; margin_bottom=&#8221;0&#8243; font_family=&#8221;none&#8221;] Na\u0161a adresa [\/mk_fancy_title][vc_column_text disable_pattern=&#8221;false&#8221; [&hellip;]","og_url":"https:\/\/djecja.tv\/?page_id=4758","og_site_name":"Dje\u010dja televizija","article_modified_time":"2022-03-31T13:13:59+00:00","twitter_card":"summary_large_image","twitter_misc":{"Est. reading time":"1 minute"},"schema":{"@context":"https:\/\/schema.org","@graph":[{"@type":"WebPage","@id":"https:\/\/djecja.tv\/?page_id=4758","url":"https:\/\/djecja.tv\/?page_id=4758","name":"Kontakt - Dje\u010dja televizija","isPartOf":{"@id":"https:\/\/djecja.tv\/#website"},"datePublished":"2014-09-01T10:38:06+00:00","dateModified":"2022-03-31T13:13:59+00:00","breadcrumb":{"@id":"https:\/\/djecja.tv\/?page_id=4758#breadcrumb"},"inLanguage":"en-US","potentialAction":[{"@type":"ReadAction","target":["https:\/\/djecja.tv\/?page_id=4758"]}]},{"@type":"BreadcrumbList","@id":"https:\/\/djecja.tv\/?page_id=4758#breadcrumb","itemListElement":[{"@type":"ListItem","position":1,"name":"Home","item":"https:\/\/djecja.tv\/"},{"@type":"ListItem","position":2,"name":"Kontakt"}]},{"@type":"WebSite","@id":"https:\/\/djecja.tv\/#website","url":"https:\/\/djecja.tv\/","name":"Dje\u010dja televizija","description":"","potentialAction":[{"@type":"SearchAction","target":{"@type":"EntryPoint","urlTemplate":"https:\/\/djecja.tv\/?s={search_term_string}"},"query-input":{"@type":"PropertyValueSpecification","valueRequired":true,"valueName":"search_term_string"}}],"inLanguage":"en-US"}]}},"publishpress_future_action":{"enabled":false,"date":"2026-04-30 19:27:37","action":"change-status","newStatus":"draft","terms":[],"taxonomy":"","extraData":[]},"publishpress_future_workflow_manual_trigger":{"enabledWorkflows":[]},"_links":{"self":[{"href":"https:\/\/djecja.tv\/index.php?rest_route=\/wp\/v2\/pages\/4758","targetHints":{"allow":["GET"]}}],"collection":[{"href":"https:\/\/djecja.tv\/index.php?rest_route=\/wp\/v2\/pages"}],"about":[{"href":"https:\/\/djecja.tv\/index.php?rest_route=\/wp\/v2\/types\/page"}],"author":[{"embeddable":true,"href":"https:\/\/djecja.tv\/index.php?rest_route=\/wp\/v2\/users\/1"}],"replies":[{"embeddable":true,"href":"https:\/\/djecja.tv\/index.php?rest_route=%2Fwp%2Fv2%2Fcomments&post=4758"}],"version-history":[{"count":33,"href":"https:\/\/djecja.tv\/index.php?rest_route=\/wp\/v2\/pages\/4758\/revisions"}],"predecessor-version":[{"id":17722,"href":"https:\/\/djecja.tv\/index.php?rest_route=\/wp\/v2\/pages\/4758\/revisions\/17722"}],"wp:attachment":[{"href":"https:\/\/djecja.tv\/index.php?rest_route=%2Fwp%2Fv2%2Fmedia&parent=4758"}],"curies":[{"name":"wp","href":"https:\/\/api.w.org\/{rel}","templated":true}]}}