{"id":14973,"date":"2019-01-31T13:19:03","date_gmt":"2019-01-31T12:19:03","guid":{"rendered":"http:\/\/djecja.tv\/?page_id=14973"},"modified":"2025-06-30T10:43:06","modified_gmt":"2025-06-30T08:43:06","slug":"naslovna-2019-skica","status":"publish","type":"page","link":"https:\/\/djecja.tv\/","title":{"rendered":"Naslovna &#8211; Dje\u010dja televizija"},"content":{"rendered":"[vc_row][vc_column][mk_divider style=&#8221;padding_space&#8221;][\/vc_column][\/vc_row][vc_row fullwidth=&#8221;true&#8221; fullwidth_content=&#8221;false&#8221; equal_columns=&#8221;true&#8221; padding=&#8221;0&#8243; css=&#8221;.vc_custom_1549630496904{padding-top: 0px !important;padding-right: 0px !important;padding-bottom: 0px !important;padding-left: 0px !important;}&#8221; el_class=&#8221;naslovna-no-border&#8221;][vc_column width=&#8221;2\/3&#8243;][mk_blog image_size=&#8221;full&#8221; post_count=&#8221;1&#8243; pagination=&#8221;false&#8221; cat=&#8221;93&#8243;][\/vc_column][vc_column width=&#8221;1\/3&#8243;][mk_image src=&#8221;http:\/\/djecja.tv\/wp-content\/uploads\/2019\/02\/una-likovi-1100-2jpg.jpg&#8221; image_size=&#8221;full&#8221; link=&#8221;https:\/\/youtube.com\/c\/djecjatv\/&#8221; target=&#8221;_blank&#8221;][mk_blog style=&#8221;newspaper&#8221; column=&#8221;1&#8243; image_size=&#8221;full&#8221; post_count=&#8221;1&#8243; pagination=&#8221;false&#8221; cat=&#8221;78&#8243;][mk_divider style=&#8221;padding_space&#8221; margin_top=&#8221;5&#8243; margin_bottom=&#8221;5&#8243;][\/vc_column][\/vc_row][vc_row fullwidth=&#8221;true&#8221;][vc_column][mk_blog style=&#8221;newspaper&#8221; image_size=&#8221;full&#8221; post_count=&#8221;3&#8243; excerpt_length=&#8221;0&#8243; pagination=&#8221;false&#8221; posts=&#8221;18286, 18229, 18338&#8243; exclude_post_format=&#8221;&#8221;][\/vc_column][\/vc_row][vc_row css=&#8221;.vc_custom_1547562711631{margin: -10px !important;}&#8221;][vc_column][mk_divider style=&#8221;padding_space&#8221;][\/vc_column][\/vc_row][vc_row fullwidth=&#8221;true&#8221; equal_columns=&#8221;true&#8221;][vc_column width=&#8221;1\/4&#8243;][mk_layerslider id=&#8221;9&#8243;][mk_divider style=&#8221;padding_space&#8221; margin_top=&#8221;10&#8243; margin_bottom=&#8221;5&#8243;][vc_column_text css=&#8221;.vc_custom_1606828908638{margin-bottom: 0px !important;}&#8221;]Proizvode mo\u017eete naru\u010diti posredstvom online trgovine na adresi<br \/>\n<strong><a href=\"https:\/\/hlapicevducan.eu\/\" target=\"_blank\" rel=\"noopener noreferrer\">hlapicevducan.eu<\/a><\/strong>[\/vc_column_text][\/vc_column][vc_column width=&#8221;3\/4&#8243;][mk_blog style=&#8221;classic&#8221; image_size=&#8221;full&#8221; post_count=&#8221;1&#8243; comments_share=&#8221;false&#8221; pagination=&#8221;false&#8221; disable_lazyload=&#8221;true&#8221; cat=&#8221;124&#8243;][\/vc_column][\/vc_row][vc_row css=&#8221;.vc_custom_1547562711631{margin: -10px !important;}&#8221;][vc_column][mk_divider style=&#8221;padding_space&#8221; margin_top=&#8221;15&#8243; margin_bottom=&#8221;15&#8243;][vc_column_text css=&#8221;.vc_custom_1610362469738{margin-bottom: 0px !important;}&#8221;]<strong>Dje\u010dja televizija<\/strong> je prva hrvatska televizija s programom namijenjenim isklju\u010divo djeci. Nastaje u produkciji tvrtke Croatia film d.o.o., najstarije hrvatske filmske ku\u0107e, osnovane 1946.godine, u sklopu koje su nastali mnogi\u00a0poznati kratkometra\u017eni i dugometra\u017eni animinirani filmovi za djecu i odrasle, nekoliko animiranih serijala te mnogo poznatih reklamnih filmova.<\/p>\n<p><strong>U programu Dje\u010dje televizije<\/strong> su crtani, igrani i lutkarski serijali te snimljene emisije u kojima sudjeluju djeca, kao \u0161to su Top lista, U gostima, HA HA HA i Po\u0161alji svoj video. Program Dje\u010dje televizije mo\u017ee se pratiti na\u00a0<a href=\"https:\/\/www.youtube.com\/user\/DjecjaTV\">YouTube kanalu Dje\u010dje televizije<\/a>.[\/vc_column_text][mk_divider style=&#8221;padding_space&#8221;][\/vc_column][\/vc_row][vc_row][vc_column][mk_divider style=&#8221;padding_space&#8221;][mk_tab_slider button_size=&#8221;24&#8243; tabs=&#8221;16691, 16726, 16730, 16808, 16841, 16844, 16917, 16952, 17373, 17567, 17578, 17589, 17603, 17614, 17627, 17641, 17652, 17663&#8243;][\/vc_column][\/vc_row][vc_row][vc_column][mk_divider][\/vc_column][\/vc_row][mk_page_section bg_color=&#8221;#fa91d2&#8243; min_height=&#8221;0&#8243; padding_top=&#8221;50&#8243; padding_bottom=&#8221;50&#8243; sidebar=&#8221;sidebar-1&#8243; first_page=&#8221;false&#8221; last_page=&#8221;false&#8221;][vc_column][vc_row_inner attached=&#8221;true&#8221; padding=&#8221;2&#8243;][vc_column_inner width=&#8221;1\/2&#8243;][vc_column_text css=&#8221;.vc_custom_1703154681062{margin-bottom: 0px !important;}&#8221;]<span style=\"color: #ffffff;\"><b>Dje\u010dji zborovi ako \u017eelite da va\u0161e pjesme pjevaju mali\u0161ani iz cijele Hrvatske javite nam se na email: djecja@djecja.tv <\/b><\/span><\/p>\n<p><span style=\"color: #ffffff;\"><b>Pridru\u017eite se i vi na\u0161em veselom i raspjevanom dru\u0161tvu!<\/b><\/span>[\/vc_column_text][\/vc_column_inner][vc_column_inner width=&#8221;1\/2&#8243;][mk_button dimension=&#8221;flat&#8221; size=&#8221;large&#8221; url=&#8221;http:\/\/djecja.tv\/?page_id=4758&#8243; target=&#8221;_blank&#8221; nofollow=&#8221;true&#8221; margin_bottom=&#8221;0&#8243; bg_color=&#8221;#8fcef4&#8243; btn_hover_bg=&#8221;#29a6f4&#8243;]JAVITE NAM SE[\/mk_button][\/vc_column_inner][\/vc_row_inner][\/vc_column][\/mk_page_section][vc_row][vc_column][mk_divider style=&#8221;padding_space&#8221;][\/vc_column][\/vc_row][vc_row][vc_column width=&#8221;1\/3&#8243;][mk_milestone icon=&#8221;mk-icon-youtube&#8221; icon_size=&#8221;medium&#8221; align=&#8221;center&#8221; icon_color=&#8221;#e03333&#8243; start=&#8221;350&#8243; stop=&#8221;358&#8243; speed=&#8221;3000&#8243; suffix=&#8221;tisu\u0107a&#8221; text=&#8221;pretplatnika na YouTube kanalu Dje\u010dje TV&#8221; text_color=&#8221;#333333&#8243; font_family=&#8221;none&#8221; link=&#8221;https:\/\/www.youtube.com\/user\/DjecjaTV&#8221;][\/vc_column][vc_column width=&#8221;1\/3&#8243;][mk_milestone icon=&#8221;mk-icon-youtube-play&#8221; icon_size=&#8221;medium&#8221; align=&#8221;center&#8221; icon_color=&#8221;#dd3333&#8243; start=&#8221;300&#8243; stop=&#8221;309&#8243; speed=&#8221;3000&#8243; suffix=&#8221;milijuna&#8221; text=&#8221;pregleda na YouTube kanalu Dje\u010dje TV&#8221; text_color=&#8221;#333333&#8243; font_family=&#8221;none&#8221; font_weight=&#8221;bold&#8221; link=&#8221;https:\/\/www.youtube.com\/user\/DjecjaTV&#8221;][\/vc_column][vc_column width=&#8221;1\/3&#8243;][mk_milestone icon=&#8221;mk-moon-clock-3&#8243; icon_size=&#8221;medium&#8221; align=&#8221;center&#8221; icon_color=&#8221;#f24b21&#8243; start=&#8221;3&#8243; stop=&#8221;4&#8243; prefix=&#8221;Vi\u0161e od &#8221; suffix=&#8221;milijuna&#8221; text=&#8221;sati gledanja na YouTube kanalu Dje\u010dje TV&#8221; text_color=&#8221;#333333&#8243; font_family=&#8221;none&#8221; link=&#8221;https:\/\/www.youtube.com\/user\/DjecjaTV&#8221;][\/vc_column][\/vc_row]\n","protected":false},"excerpt":{"rendered":"<p>[vc_row][vc_column][mk_divider style=&#8221;padding_space&#8221;][\/vc_column][\/vc_row][vc_row fullwidth=&#8221;true&#8221; fullwidth_content=&#8221;false&#8221; equal_columns=&#8221;true&#8221; padding=&#8221;0&#8243; css=&#8221;.vc_custom_1549630496904{padding-top: 0px !important;padding-right: 0px !important;padding-bottom: 0px !important;padding-left: 0px !important;}&#8221; el_class=&#8221;naslovna-no-border&#8221;][vc_column width=&#8221;2\/3&#8243;][mk_blog image_size=&#8221;full&#8221; post_count=&#8221;1&#8243; pagination=&#8221;false&#8221; cat=&#8221;93&#8243;][\/vc_column][vc_column width=&#8221;1\/3&#8243;][mk_image src=&#8221;http:\/\/djecja.tv\/wp-content\/uploads\/2019\/02\/una-likovi-1100-2jpg.jpg&#8221; image_size=&#8221;full&#8221; link=&#8221;https:\/\/youtube.com\/c\/djecjatv\/&#8221; target=&#8221;_blank&#8221;][mk_blog style=&#8221;newspaper&#8221; column=&#8221;1&#8243; image_size=&#8221;full&#8221; post_count=&#8221;1&#8243; pagination=&#8221;false&#8221; cat=&#8221;78&#8243;][mk_divider style=&#8221;padding_space&#8221; margin_top=&#8221;5&#8243; margin_bottom=&#8221;5&#8243;][\/vc_column][\/vc_row][vc_row fullwidth=&#8221;true&#8221;][vc_column][mk_blog style=&#8221;newspaper&#8221; image_size=&#8221;full&#8221; post_count=&#8221;3&#8243; excerpt_length=&#8221;0&#8243; pagination=&#8221;false&#8221; posts=&#8221;18286, 18229, 18338&#8243; exclude_post_format=&#8221;&#8221;][\/vc_column][\/vc_row][vc_row css=&#8221;.vc_custom_1547562711631{margin: -10px !important;}&#8221;][vc_column][mk_divider style=&#8221;padding_space&#8221;][\/vc_column][\/vc_row][vc_row fullwidth=&#8221;true&#8221; equal_columns=&#8221;true&#8221;][vc_column width=&#8221;1\/4&#8243;][mk_layerslider id=&#8221;9&#8243;][mk_divider style=&#8221;padding_space&#8221; margin_top=&#8221;10&#8243; [&hellip;]<\/p>\n","protected":false},"author":1,"featured_media":0,"parent":0,"menu_order":0,"comment_status":"closed","ping_status":"closed","template":"","meta":{"footnotes":""},"class_list":["post-14973","page","type-page","status-publish","hentry"],"yoast_head":"<!-- This site is optimized with the Yoast SEO plugin v27.4 - https:\/\/yoast.com\/product\/yoast-seo-wordpress\/ -->\n<title>Naslovna - Dje\u010dja televizija - Dje\u010dja televizija<\/title>\n<meta name=\"robots\" content=\"index, follow, max-snippet:-1, max-image-preview:large, max-video-preview:-1\" \/>\n<link rel=\"canonical\" href=\"https:\/\/djecja.tv\/\" \/>\n<meta property=\"og:locale\" content=\"en_US\" \/>\n<meta property=\"og:type\" content=\"article\" \/>\n<meta property=\"og:title\" content=\"Naslovna - Dje\u010dja televizija - Dje\u010dja televizija\" \/>\n<meta property=\"og:description\" content=\"[vc_row][vc_column][mk_divider style=&#8221;padding_space&#8221;][\/vc_column][\/vc_row][vc_row fullwidth=&#8221;true&#8221; fullwidth_content=&#8221;false&#8221; equal_columns=&#8221;true&#8221; padding=&#8221;0&#8243; css=&#8221;.vc_custom_1549630496904{padding-top: 0px !important;padding-right: 0px !important;padding-bottom: 0px !important;padding-left: 0px !important;}&#8221; el_class=&#8221;naslovna-no-border&#8221;][vc_column width=&#8221;2\/3&#8243;][mk_blog image_size=&#8221;full&#8221; post_count=&#8221;1&#8243; pagination=&#8221;false&#8221; cat=&#8221;93&#8243;][\/vc_column][vc_column width=&#8221;1\/3&#8243;][mk_image src=&#8221;http:\/\/djecja.tv\/wp-content\/uploads\/2019\/02\/una-likovi-1100-2jpg.jpg&#8221; image_size=&#8221;full&#8221; link=&#8221;https:\/\/youtube.com\/c\/djecjatv\/&#8221; target=&#8221;_blank&#8221;][mk_blog style=&#8221;newspaper&#8221; column=&#8221;1&#8243; image_size=&#8221;full&#8221; post_count=&#8221;1&#8243; pagination=&#8221;false&#8221; cat=&#8221;78&#8243;][mk_divider style=&#8221;padding_space&#8221; margin_top=&#8221;5&#8243; margin_bottom=&#8221;5&#8243;][\/vc_column][\/vc_row][vc_row fullwidth=&#8221;true&#8221;][vc_column][mk_blog style=&#8221;newspaper&#8221; image_size=&#8221;full&#8221; post_count=&#8221;3&#8243; excerpt_length=&#8221;0&#8243; pagination=&#8221;false&#8221; posts=&#8221;18286, 18229, 18338&#8243; exclude_post_format=&#8221;&#8221;][\/vc_column][\/vc_row][vc_row css=&#8221;.vc_custom_1547562711631{margin: -10px !important;}&#8221;][vc_column][mk_divider style=&#8221;padding_space&#8221;][\/vc_column][\/vc_row][vc_row fullwidth=&#8221;true&#8221; equal_columns=&#8221;true&#8221;][vc_column width=&#8221;1\/4&#8243;][mk_layerslider id=&#8221;9&#8243;][mk_divider style=&#8221;padding_space&#8221; margin_top=&#8221;10&#8243; [&hellip;]\" \/>\n<meta property=\"og:url\" content=\"https:\/\/djecja.tv\/\" \/>\n<meta property=\"og:site_name\" content=\"Dje\u010dja televizija\" \/>\n<meta property=\"article:modified_time\" content=\"2025-06-30T08:43:06+00:00\" \/>\n<meta name=\"twitter:card\" content=\"summary_large_image\" \/>\n<meta name=\"twitter:label1\" content=\"Est. reading time\" \/>\n\t<meta name=\"twitter:data1\" content=\"2 minutes\" \/>\n<script type=\"application\/ld+json\" class=\"yoast-schema-graph\">{\"@context\":\"https:\\\/\\\/schema.org\",\"@graph\":[{\"@type\":\"WebPage\",\"@id\":\"https:\\\/\\\/djecja.tv\\\/\",\"url\":\"https:\\\/\\\/djecja.tv\\\/\",\"name\":\"Naslovna - Dje\u010dja televizija - Dje\u010dja televizija\",\"isPartOf\":{\"@id\":\"https:\\\/\\\/djecja.tv\\\/#website\"},\"datePublished\":\"2019-01-31T12:19:03+00:00\",\"dateModified\":\"2025-06-30T08:43:06+00:00\",\"breadcrumb\":{\"@id\":\"https:\\\/\\\/djecja.tv\\\/#breadcrumb\"},\"inLanguage\":\"en-US\",\"potentialAction\":[{\"@type\":\"ReadAction\",\"target\":[\"https:\\\/\\\/djecja.tv\\\/\"]}]},{\"@type\":\"BreadcrumbList\",\"@id\":\"https:\\\/\\\/djecja.tv\\\/#breadcrumb\",\"itemListElement\":[{\"@type\":\"ListItem\",\"position\":1,\"name\":\"Home\",\"item\":\"https:\\\/\\\/djecja.tv\\\/\"},{\"@type\":\"ListItem\",\"position\":2,\"name\":\"Naslovna &#8211; Dje\u010dja televizija\"}]},{\"@type\":\"WebSite\",\"@id\":\"https:\\\/\\\/djecja.tv\\\/#website\",\"url\":\"https:\\\/\\\/djecja.tv\\\/\",\"name\":\"Dje\u010dja televizija\",\"description\":\"\",\"potentialAction\":[{\"@type\":\"SearchAction\",\"target\":{\"@type\":\"EntryPoint\",\"urlTemplate\":\"https:\\\/\\\/djecja.tv\\\/?s={search_term_string}\"},\"query-input\":{\"@type\":\"PropertyValueSpecification\",\"valueRequired\":true,\"valueName\":\"search_term_string\"}}],\"inLanguage\":\"en-US\"}]}<\/script>\n<!-- \/ Yoast SEO plugin. -->","yoast_head_json":{"title":"Naslovna - Dje\u010dja televizija - Dje\u010dja televizija","robots":{"index":"index","follow":"follow","max-snippet":"max-snippet:-1","max-image-preview":"max-image-preview:large","max-video-preview":"max-video-preview:-1"},"canonical":"https:\/\/djecja.tv\/","og_locale":"en_US","og_type":"article","og_title":"Naslovna - Dje\u010dja televizija - Dje\u010dja televizija","og_description":"[vc_row][vc_column][mk_divider style=&#8221;padding_space&#8221;][\/vc_column][\/vc_row][vc_row fullwidth=&#8221;true&#8221; fullwidth_content=&#8221;false&#8221; equal_columns=&#8221;true&#8221; padding=&#8221;0&#8243; css=&#8221;.vc_custom_1549630496904{padding-top: 0px !important;padding-right: 0px !important;padding-bottom: 0px !important;padding-left: 0px !important;}&#8221; el_class=&#8221;naslovna-no-border&#8221;][vc_column width=&#8221;2\/3&#8243;][mk_blog image_size=&#8221;full&#8221; post_count=&#8221;1&#8243; pagination=&#8221;false&#8221; cat=&#8221;93&#8243;][\/vc_column][vc_column width=&#8221;1\/3&#8243;][mk_image src=&#8221;http:\/\/djecja.tv\/wp-content\/uploads\/2019\/02\/una-likovi-1100-2jpg.jpg&#8221; image_size=&#8221;full&#8221; link=&#8221;https:\/\/youtube.com\/c\/djecjatv\/&#8221; target=&#8221;_blank&#8221;][mk_blog style=&#8221;newspaper&#8221; column=&#8221;1&#8243; image_size=&#8221;full&#8221; post_count=&#8221;1&#8243; pagination=&#8221;false&#8221; cat=&#8221;78&#8243;][mk_divider style=&#8221;padding_space&#8221; margin_top=&#8221;5&#8243; margin_bottom=&#8221;5&#8243;][\/vc_column][\/vc_row][vc_row fullwidth=&#8221;true&#8221;][vc_column][mk_blog style=&#8221;newspaper&#8221; image_size=&#8221;full&#8221; post_count=&#8221;3&#8243; excerpt_length=&#8221;0&#8243; pagination=&#8221;false&#8221; posts=&#8221;18286, 18229, 18338&#8243; exclude_post_format=&#8221;&#8221;][\/vc_column][\/vc_row][vc_row css=&#8221;.vc_custom_1547562711631{margin: -10px !important;}&#8221;][vc_column][mk_divider style=&#8221;padding_space&#8221;][\/vc_column][\/vc_row][vc_row fullwidth=&#8221;true&#8221; equal_columns=&#8221;true&#8221;][vc_column width=&#8221;1\/4&#8243;][mk_layerslider id=&#8221;9&#8243;][mk_divider style=&#8221;padding_space&#8221; margin_top=&#8221;10&#8243; [&hellip;]","og_url":"https:\/\/djecja.tv\/","og_site_name":"Dje\u010dja televizija","article_modified_time":"2025-06-30T08:43:06+00:00","twitter_card":"summary_large_image","twitter_misc":{"Est. reading time":"2 minutes"},"schema":{"@context":"https:\/\/schema.org","@graph":[{"@type":"WebPage","@id":"https:\/\/djecja.tv\/","url":"https:\/\/djecja.tv\/","name":"Naslovna - Dje\u010dja televizija - Dje\u010dja televizija","isPartOf":{"@id":"https:\/\/djecja.tv\/#website"},"datePublished":"2019-01-31T12:19:03+00:00","dateModified":"2025-06-30T08:43:06+00:00","breadcrumb":{"@id":"https:\/\/djecja.tv\/#breadcrumb"},"inLanguage":"en-US","potentialAction":[{"@type":"ReadAction","target":["https:\/\/djecja.tv\/"]}]},{"@type":"BreadcrumbList","@id":"https:\/\/djecja.tv\/#breadcrumb","itemListElement":[{"@type":"ListItem","position":1,"name":"Home","item":"https:\/\/djecja.tv\/"},{"@type":"ListItem","position":2,"name":"Naslovna &#8211; Dje\u010dja televizija"}]},{"@type":"WebSite","@id":"https:\/\/djecja.tv\/#website","url":"https:\/\/djecja.tv\/","name":"Dje\u010dja televizija","description":"","potentialAction":[{"@type":"SearchAction","target":{"@type":"EntryPoint","urlTemplate":"https:\/\/djecja.tv\/?s={search_term_string}"},"query-input":{"@type":"PropertyValueSpecification","valueRequired":true,"valueName":"search_term_string"}}],"inLanguage":"en-US"}]}},"publishpress_future_action":{"enabled":false,"date":"2026-05-02 14:35:06","action":"change-status","newStatus":"draft","terms":[],"taxonomy":"","extraData":[]},"publishpress_future_workflow_manual_trigger":{"enabledWorkflows":[]},"_links":{"self":[{"href":"https:\/\/djecja.tv\/index.php?rest_route=\/wp\/v2\/pages\/14973","targetHints":{"allow":["GET"]}}],"collection":[{"href":"https:\/\/djecja.tv\/index.php?rest_route=\/wp\/v2\/pages"}],"about":[{"href":"https:\/\/djecja.tv\/index.php?rest_route=\/wp\/v2\/types\/page"}],"author":[{"embeddable":true,"href":"https:\/\/djecja.tv\/index.php?rest_route=\/wp\/v2\/users\/1"}],"replies":[{"embeddable":true,"href":"https:\/\/djecja.tv\/index.php?rest_route=%2Fwp%2Fv2%2Fcomments&post=14973"}],"version-history":[{"count":365,"href":"https:\/\/djecja.tv\/index.php?rest_route=\/wp\/v2\/pages\/14973\/revisions"}],"predecessor-version":[{"id":18348,"href":"https:\/\/djecja.tv\/index.php?rest_route=\/wp\/v2\/pages\/14973\/revisions\/18348"}],"wp:attachment":[{"href":"https:\/\/djecja.tv\/index.php?rest_route=%2Fwp%2Fv2%2Fmedia&parent=14973"}],"curies":[{"name":"wp","href":"https:\/\/api.w.org\/{rel}","templated":true}]}}