{"id":13323,"date":"2018-05-22T13:53:16","date_gmt":"2018-05-22T11:53:16","guid":{"rendered":"http:\/\/djecja.tv\/?page_id=13323"},"modified":"2018-05-22T14:01:39","modified_gmt":"2018-05-22T12:01:39","slug":"izjava-o-zastiti-podataka","status":"publish","type":"page","link":"https:\/\/djecja.tv\/?page_id=13323","title":{"rendered":"Izjava o za\u0161titi podataka"},"content":{"rendered":"[vc_row][vc_column][vc_column_text css=&#8221;.vc_custom_1526990327817{margin-bottom: 0px !important;}&#8221;]\n<h2>Izjava o za\u0161titi podataka<\/h2>\n[\/vc_column_text][mk_divider style=&#8221;padding_space&#8221;][vc_column_text css=&#8221;.vc_custom_1526989823710{margin-bottom: 0px !important;}&#8221;]Croatia film d.o.o., Zagreb (u daljem tekstu: \u201eCroatia film\u201c) kao i sva poduze\u0107a te tvrtke, posebno se raduju Va\u0161oj posjeti na\u0161e internetske stranice te Va\u0161em zanimanju za na\u0161e poduze\u0107e i proizvode.\u00a0Za\u0161titu Va\u0161ih osobnih podataka shva\u0107amo ozbiljno te \u017eelimo da se prilikom posjeta na\u0161oj internetskoj stranici osje\u0107ate ugodno.<\/p>\n[\/vc_column_text][vc_column_text css=&#8221;.vc_custom_1526990550474{margin-bottom: 0px !important;}&#8221;]<b>I. Va\u017eni pojmovi <\/b><\/p>\n<p><b>Osobni podaci<br \/>\n<\/b><span lang=\"pt-BR\">Osobni podaci su podaci koji u principu omogu\u0107uju odre<\/span><span lang=\"pt-BR\">\u0111<\/span><span lang=\"pt-BR\">ivanje o kome se radi. Pritom nije bitno, mo\u017ee li se odrediti osoba na temelju jedne jedine informacije, jer \u0107e to rijetko biti slu<\/span><span lang=\"pt-BR\">\u010d<\/span><span lang=\"pt-BR\">aj. \u0160to se vi\u0161e informacija i podataka spoji, lak\u0161e je odrediti osobu o kojoj se radi. U osobne podatke ubrajaju se ime i prezime, adresa, dob, e-mail adresa i telefonski broj odre<\/span><span lang=\"pt-BR\">\u0111<\/span><span lang=\"pt-BR\">ene osobe.<\/span><\/p>\n<p><span lang=\"pt-BR\"><b>Cookies (Kola<\/b><\/span><span lang=\"pt-BR\"><b>\u010d<\/b><\/span><span lang=\"pt-BR\"><b>i\u0107i)<br \/>\n<\/b><\/span><span lang=\"pt-BR\">Cookies su male datoteke koje sadr\u017ee niz znakova u koje su postavljene otvorene ili kodirane informacije. Cookiese server \u0161alje na Va\u0161e ra<\/span><span lang=\"pt-BR\">\u010d<\/span><span lang=\"pt-BR\">unalo i ondje ih pohranjuje. Oni prije svega slu\u017ee za identificiranje ra<\/span><span lang=\"pt-BR\">\u010d<\/span><span lang=\"pt-BR\">unala s kojeg je otvorena neka internetska stranica. Ukoliko se prijavite na neku internetsku stranicu, cookies slu\u017ee kako bi serveru javili prijavu te provjerili prava za otvaranje odre<\/span><span lang=\"pt-BR\">\u0111<\/span><span lang=\"pt-BR\">ene stranice. Svaki cookie ima svoj rok nakon kojeg vi\u0161e ne vrijedi. Taj rok mo\u017ee biti u dalekoj u budu\u0107nosti. Croatia film na svojoj internetskoj stranici postavlja isklju<\/span><span lang=\"pt-BR\">\u010d<\/span><span lang=\"pt-BR\">ivo session cookies koji nakon zatvaranja preglednika gube svoju vrijednost. Zahvaljuju\u0107i cookiesima mo\u017ee se pratiti put nekog korisnika preko razli<\/span><span lang=\"pt-BR\">\u010d<\/span><span lang=\"pt-BR\">itih dijelova na\u0161e internetske stranice te tako<\/span><span lang=\"pt-BR\">\u0111<\/span><span lang=\"pt-BR\">er putem drugih internetskih stranica. Pomo\u0107u cookiesa mo\u017ee se pobolj\u0161ati komunikacija izme<\/span><span lang=\"pt-BR\">\u0111<\/span><span lang=\"pt-BR\">u na\u0161eg servera i Va\u0161eg ra<\/span><span lang=\"pt-BR\">\u010d<\/span><span lang=\"pt-BR\">unala te time ugodnije oblikovati kori\u0161tenje na\u0161e internetske stranice. Cookiesi ne moraju biti samo od vlasnika internetske stranice nego i od tre\u0107e strane, npr. ako se na stranici nalaze reklame. Putem svog preglednika imate mogu\u0107nost da Vam se prika\u017eu cookiesi s Va\u0161eg ra<\/span><span lang=\"pt-BR\">\u010d<\/span><span lang=\"pt-BR\">unala, da izbri\u0161ete postoje\u0107e cookiese ili da konfiguraciju podesite tako da se ne pohranjuju svi ili da se uop\u0107e ne pohranjuju cookiesi. Obratite pozornost na to da neke funkcije (kao npr. prijava) ne\u0107e funkcionitrati ili ne\u0107e ispravno funkcionirati, ako deaktivirate postavljanje cookiesa.<\/span><\/p>\n<p><b>Pixel<br \/>\n<\/b><span lang=\"pt-BR\">Pixel, Web-Beacons, Clear GIFs i sli<\/span><span lang=\"pt-BR\">\u010d<\/span><span lang=\"pt-BR\">ne mjere (zajedni<\/span><span lang=\"pt-BR\">\u010d<\/span><span lang=\"pt-BR\">ki \u201ePixel\u201c) su sli<\/span><span lang=\"pt-BR\">\u010d<\/span><span lang=\"pt-BR\">ice koje su smje\u0161tene na nekoj internetskoj stranici ili u e-mailu. <\/span>Budu\u0107i su te slike u pravilu potpuno prozirne, ne mo\u017eete ih vidjeti, te time one ne utje\u010du na do\u017eivljaj kori\u0161tenja. <span lang=\"pt-BR\">Kad se pokrene internetska stranica ili e-mail, preuzima se i pripadaju\u0107a slika. Tako se primjerice mo\u017ee pratiti koje stranice se koliko <\/span><span lang=\"pt-BR\">\u010d<\/span><span lang=\"pt-BR\">estio otvaraju i da li se otvara odnosno kad se otvori newsletter. Pixeli se <\/span><span lang=\"pt-BR\">\u010d<\/span><span lang=\"pt-BR\">esto ume\u0107u zajedno s cookiesima. Ako u Va\u0161em pregledniku deaktivirate cookiese, preko Pixela \u0107e se u pravilu brojiti samo koliko puta je neka stranica otvorena.<\/span><\/p>\n<p><b>IP adresa<br \/>\n<\/b><span lang=\"pt-BR\">Internet Protocol (IP)-adresa jednozna<\/span><span lang=\"pt-BR\">\u010d<\/span><span lang=\"pt-BR\">an je broj dodijeljen Va\u0161em ra<\/span><span lang=\"pt-BR\">\u010d<\/span><span lang=\"pt-BR\">unalu. Ona je nu\u017ena kako biste se uop\u0107e kretali internetom, na nju se \u0161alju svi podatkovni paketi koji su Vam potrebni za surfanje. Ve\u0107ini privatnih priklju<\/span><span lang=\"pt-BR\">\u010d<\/span><span lang=\"pt-BR\">aka dodjeljuje se nova IP adresa svaki put kad se odspoji s internet providera. To se u pravilu doga<\/span><span lang=\"pt-BR\">\u0111<\/span><span lang=\"pt-BR\">a minimalno jednom dnevno. IP adrese osim toga ostavljaju povratnu informaciju o tome iz koje zemlje se neko osobno ra<\/span><span lang=\"pt-BR\">\u010d<\/span><span lang=\"pt-BR\">unalo spojilo na odre<\/span><span lang=\"pt-BR\">\u0111<\/span><span lang=\"pt-BR\">enu internetsku adresu.<\/span><\/p>\n<p><b>II. Prikupljanje i obrada osobnih podataka putem tvrtke Croatia film<br \/>\n<\/b>Croatia film prikuplja, pohranjuje i obra\u0111uje Va\u0161e osobne podatke isklju\u010divo ako je to dozvoljeno na temelju zakonskih propisa ili ako ste Vi dali svoj pristanak.<\/p>\n<p><span lang=\"pl-PL\">Podatke dobivamo na dva na<\/span><span lang=\"pl-PL\">\u010d<\/span><span lang=\"pl-PL\">ina:<\/span><\/p>\n<p>1. Podaci koje nam Vi dajete:<br \/>\n<span lang=\"pl-PL\">U pravilu mo\u017eete koristiti na\u0161u internetsku stranicu a da nam ne date direktno Va\u0161e osobne podatke. <\/span>Za neke usluge, kao primjerice za sudjelovanje u nagradnoj igri, tra\u017eit \u0107e se od Vas osobni podaci kao npr. ime i prezime, e-mail adresa i adresa kako bi tra\u017eena usluga bila brzo i zadovoljavaju\u0107e rije\u0161ena ili kako bi se uop\u0107e mogla ponuditi odre\u0111ena usluga (tako su nam primjerice za obavje\u0161tavanje dobitnika nagradne igre potrebni njihovi kontakt podaci). Detaljne informacije o svim uslugama koje Vam Croatia film nudi <span lang=\"hr-HR\">na ovoj stranici na\u0107i \u0107ete pod III. dijelom ove Izjave o za\u0161titi podataka.<\/span><\/p>\n<p>2. Podaci koje dobivamo kad Vi koristite na\u0161e usluge:<br \/>\nNeki podaci nastaju automatski i zbog tehni\u010dkih razloga ve\u0107 onda kad posjetite na\u0161u internetsku stranicu. Ovdje se ubrajaju i podaci web poslu\u017eitelja. Pri svakom Va\u0161em pristupanju nekoj stranici iz na\u0161e ponude i kod svakog pozivanja neke datoteke pohranjuju se podaci pristupa o tom procesu u jednoj protokol datoteci na na\u0161em serveru.<\/p>\n<p>Svaki zapis sadr\u017ei:<\/p>\n<p><span lang=\"pt-BR\">&#8211; stranicu s koje je tra\u017eena nova stranica ili datoteka<br \/>\n&#8211; naziv tra\u017eene datoteke ili stranice<br \/>\n&#8211; datum i vrijeme tra\u017eenja, uspje\u0161nost tra\u017eenja te optere\u0107enost servera u vrijeme upita<br \/>\n&#8211; prenesenu koli<\/span><span lang=\"pt-BR\">\u010d<\/span><span lang=\"pt-BR\">inu podataka<br \/>\n&#8211; IP adresu koju Vam je dodijelio Va\u0161 provider<br \/>\n&#8211; ukoliko se prijavljujete putem korisni<\/span><span lang=\"pt-BR\">\u010d<\/span><span lang=\"pt-BR\">kog ra<\/span><span lang=\"pt-BR\">\u010d<\/span><span lang=\"pt-BR\">una, informacije o prijavi (logiranju) za odre<\/span><span lang=\"pt-BR\">\u0111<\/span><span lang=\"pt-BR\">enu internetsku uslugu<\/span><\/p>\n<p><span lang=\"pt-BR\">Pohranjeni podaci analiziraju se isklju<\/span><span lang=\"pt-BR\">\u010d<\/span><span lang=\"pt-BR\">ivo anonimno u statisti<\/span><span lang=\"pt-BR\">\u010d<\/span><span lang=\"pt-BR\">ke svrhe.<\/span><\/p>\n<p>&nbsp;<\/p>\n<p><b>Google Analytics<br \/>\n<\/b>Za pobolj\u0161anje na\u0161e internetske ponude koristimo Google Analytics , uslugu analize weba Google Inc (\u201eGoogle\u201c). Google Analytics koristi takozvane \u201ekola\u010di\u0107e\u201c, tekstualne datoteke koje se pohranjuju na Va\u0161em ra\u010dunalu i koje omogu\u0107avaju analizu upotrebe internetske stranice koju koristite. Informacije o Va\u0161em kori\u0161tenju ove internetske stranice dobivene kola\u010di\u0107ima u pravilu se \u0161alju na Google server u SAD te se ondje pohranjuju. Zbog aktivacije IP anonimizacije na ovoj internetskoj stranici, Google \u0107e Va\u0161u IP adresu skratiti unutar dr\u017eava \u010dlanica Europske unije ili unutar drugih dr\u017eava koje su sklopile dogovor o europskom gospodarskom prostoru. Samo \u0107e se u iznimnim slu\u010dajevima potpuna IP adresa prenijeti na Gogleov server u SAD-u gdje \u0107e biti skra\u0107ena. Po nalogu vlasnika internetske stranice Google \u0107e te informacije koristiti kako bi analizirao Va\u0161e kori\u0161tenje internetske stranice, kako bi sastavio izvje\u0161\u0107a o aktivnostima na internetskoj stranici te kako bi pribavio vlasniku internetske stranice daljnje usluge povezane s kori\u0161tenjem odre\u0111ene internetske stranice i interneta. IP adresa koju proslje\u0111uje Va\u0161 preglednik u okviru Google Analytics ne spaja se s drugim Google podacima. Pohranjivanje kola\u010di\u0107a mo\u017eete sprije\u010diti odgovaraju\u0107im postavkama softvera Va\u0161eg preglednika; me\u0111utim, u tom slu\u010daju mo\u017eda ne\u0107ete mo\u0107i u punom opsegu koristiti sve funkcije ove internetske stranice. Osim toga na Googleu mo\u017eete sprije\u010diti evidentiranje podataka (uklju\u010duju\u0107i Va\u0161u IP adresu) koji se odnose na Va\u0161e kori\u0161tenje internetske stranice a koje su stvorili kola\u010di\u0107i kao i njihovu obradu putem Googlea, tako da s dolje navedenog linka skinete i instalirate dostupne dodatke preglednika (Browser-Plugin). Aktualni link je tools.google.com\/dlpage\/gaoptout. Daljnje informacije o za\u0161titi podataka kod Google Analytics prona\u0107i \u0107ete ovdje: www.google.com\/intl\/de\/analytics\/privacyoverview.html<\/p>\n<p>&nbsp;<\/p>\n<p lang=\"pl-PL\"><b>Linkovi za druge internetske stranice<br \/>\n<\/b><span lang=\"pl-PL\">Kod upu\u0107ivanje na strane internetske stranice (\u201eLINKS\u201c) Croatia film se distancira od sadr\u017eaja. Odgovornost je na onome koji nudi doti<\/span><span lang=\"pl-PL\">\u010d<\/span><span lang=\"pl-PL\">nu internetsku stranicu.<\/span><\/p>\n<p><span lang=\"pl-PL\"><b>Facebook Fan stranica<\/b><\/span><span lang=\"pl-PL\"><b><br \/>\n<\/b><\/span><span lang=\"pl-PL\">Croatia film Vam i putem Facebook-a pru\u017ea opse\u017enu osobnu podr\u0161ku. Ukoliko putem Facebooka Croatia film-u postavite pitanje, upit \u0107emo proslijediti nadle\u017enom odjelu Croatia film-a. <\/span>Podaci se isklju\u010divo koriste za pru\u017eanje odgovora na Va\u0161e pitanje, a ne u reklamne svrhe.<\/p>\n<p>Rado \u0107emo Vam dati informacije o Va\u0161im pohranjenim podacima. Detaljnije pro\u010ditajte to\u010dku Informacije i kontakt ove Izjave o za\u0161titi podataka.<\/p>\n<p>Croatia film Vam pru\u017ea priliku sudjelovanja u na\u0161im nagradnim igrama putem Facebooka. Sav prikazani sadr\u017eaj na Facebooku je pohranjen na serveru Croatia film-a. Svi podaci se prikupljaju, pohranjuju i obra\u0111uju od strane Croatia film-a i ne proslje\u0111uju se Facebooku. Detaljnije o nagradnim igrama pro\u010ditajte to\u010dku Nagradne igre ove Izjave o za\u0161titi podataka.<\/p>\n<p><span lang=\"pl-PL\">Kako biste stupili u kontakt s Croatia film-om putem Facebooka, morate se prijaviti na Facebook. <\/span>Pritom Facebook vjerojatno prikuplja, pohranjuje i obra\u0111uje osobne podatke. Croatia film nema nikakav utjecaj na ovakav na\u010din postupanja i obrade podataka. Croatia film ne prima nikakve osobne podatke od Facebooka. Vi\u0161e informacija o obradi podataka putem Facebooka mo\u017eete na\u0107i na: <a href=\"http:\/\/facebook.com\/about\/privacy\/\" target=\"_blank\" rel=\"noopener\"><u>facebook.com\/about\/privacy\/<\/u><\/a><\/p>\n<p><b>III. Pojedine usluge<br \/>\n<\/b>U nastavku \u0107ete prona\u0107i informacije o pojedinim uslugama koje su Vam na raspolaganju na na\u0161oj internetskoj stranici te u okviru kojih nam dajete osobne podatke koje koristimo za davanje te usluge.<\/p>\n<p lang=\"pl-PL\"><b>1. Nagradne igre<br \/>\n<\/b><span lang=\"pl-PL\">Za provedbu neke nagradne igre Croatia film prikuplja osobne podatke sudionika. <\/span>To su oslovljavanje, puno ime i prezime i adresa, e-mail adresa i u pojedinim slu\u010dajevima telefonski broj ukoliko je potrebno brzo stupanje u kontakt (npr. ako se mogu osvojiti karte za koncert). Ti podaci se ponajprije koriste kako bi se e-mailom, po\u0161tom i\/ili telefonom obavijestio pobjednik. Podaci o adresi slu\u017ee, osim toga, za slanje nagrade. Djelomi\u010dno na vlastitu odgovornost slanje preuzima kooperacijski partner koji dodjeljuje nagrade. U tom slu\u010daju podaci o adresi proslje\u0111uju se doti\u010dnom kooperacijskom partneru. Podatke prikuplja i obra\u0111uje isklju\u010divo Croatia film te kooperacijski partner Croatia film-a. Podaci se ne proslje\u0111uju drugim stranim poduze\u0107ima.<\/p>\n<p>Ukoliko se niste dodatno i neovisno o sudjelovanju u nagradnoj igri pretplatili na na\u0161 newsletter servis (vidi to\u010dku Newsletter u Izjavi o za\u0161titi podataka), podaci se ne\u0107e koristiti u svrhu ogla\u0161avanja. Va\u0161i \u0107e se podaci izbrisati najkasnije tri mjeseca nakon zavr\u0161etka nagradne igre.<\/p>\n<p>U statisti\u010dke svrhe obra\u0111ujemo anonimno koliko sudionika je sudjelovalo u doti\u010dnoj nagradnoj igri. Iz tih analiza ne mo\u017ee se do\u0107i do individualnih sudionika.<br \/>\nRado \u0107emo Vam dati informacije o Va\u0161im podacima koji su pohranjeni. Detaljnije pro\u010ditajte pod to\u010dkom Informacije i kontakt ove Izjave o za\u0161titi podataka.<\/p>\n<p><b>2. Newsletter<br \/>\n<\/b><b><\/b>Va\u0161e osobne podatke prikupljene putem prijave na newsletter, a posebno informacije o podru\u010djima interesa, koristimo kako bismo Vam predstavili Vama osobno prilago\u0111ene proizvode i servisne usluge. Daju\u0107i nam svoje ime, omogu\u0107ujete nam osobno obra\u0107anje i jednostavno upravljanje Va\u0161im podacima. Va\u0161a adresa, posebno po\u0161tanski broj, omogu\u0107uje nam da Vam predstavimo i regionalno prilago\u0111enu ponudu.<\/p>\n<p>Nadalje, redovito se trudimo pobolj\u0161ati na\u0161u ponudu. To uklju\u010duje i procjenu isporu\u010denih newslettera, npr. je li prijavljena e-mail adresa dostupna, koji se newsletteri otvaraju, koji se linkovi unutar newslettera otvaraju i je li ostvarena povratna informacija ((automatski) odgovor, poruka o pogre\u0161ci itd.).<\/p>\n<p>Podatke prikuplja i obra\u0111uje isklju\u010divo Croatia film te kooperacijski partner Croatia film-a. Podaci se ne proslje\u0111uju drugim stranim poduze\u0107ima.<\/p>\n<p>Prije kori\u0161tenja usluge newslettera morate biti suglasni s kori\u0161tenjem Va\u0161e e-mail adrese i ostalih tra\u017eenih podataka. Ti se podaci koriste kako bismo Vam preporu\u010dili osobno prilago\u0111ene proizvode i servisne usluge te pobolj\u0161ali samu uslugu newslettera.<\/p>\n<p>Opoziv date suglasnosti (kori\u0161tenje e-mail adrese i osobnih podataka) je mogu\u0107 u svakom trenutku. Molimo da se u tom slu\u010daju obratite na\u0161oj slu\u017ebi za korisnike na e-mail adresu <span style=\"color: #0000ff;\"><u>croatiaf(at)croatia-film.hr<\/u><\/span> ili osobi za kontakt navedenoj pod to\u010dkom Kontakt ove Izjave o za\u0161titi podataka. Upute za odjavu mo\u017eete prona\u0107i ispod svakog newslettera.<\/p>\n<p>&nbsp;<\/p>\n<p>Croatia film Vam pru\u017ea mogu\u0107nost da odre\u0111eni sadr\u017eaj newslettera preporu\u010dite putem Facebooka. Klikom na odre\u0111eni gumb se internet adresa odre\u0111enog sadr\u017eaja prenosi na Facebook.\u00a0 Croatia film pritom ne prenosi druge podatke. Facebook \u0107e vjerojatno prikupiti Va\u0161e dodatne podatke (npr. Cookies ili prijava) pa se posavjetujte s Izjavom o za\u0161titi podataka od Facebooka.<a name=\"dse_meinbaby\"><\/a>Rado \u0107emo Vam dati informacije o Va\u0161im pohranjenim podacima. Detaljnije pro\u010ditajte to\u010dku Informacije i kontakt ove Izjave o za\u0161titi podataka.<\/p>\n<p>&nbsp;<\/p>\n<p><b>IV. Informacije i kontakt<br \/>\n<\/b>Zadr\u017eat \u0107ete kontrolu nad svim osobnim podacima koje nam online putem stavljate na raspolaganje. Na Va\u0161 zahtjev rado \u0107emo Vas pismeno i bez naknade obavijestiti o tome, da li i koji osobni podaci su pohranjeni. Mo\u017eete tra\u017eiti i brisanje Va\u0161ih podataka koji su pohranjeni kod nas ukoliko oni nisu potrebni za obavljanje ugovornih odnosa izme\u0111u Vas i nas ili ukoliko ih nismo du\u017eni \u010duvati zbog zakonskih razloga.<\/p>\n<p>Va\u0161 upit, te ostala pitanja\u00a0 o Izjavi za\u0161tite podataka po\u0161aljite na sljede\u0107u (e-mail) adresu:<\/p>\n<p>CROATIA FILM d.o.o. za promet, proizvodnju i prikazivanje filmova<\/p>\n<p>Katan\u010di\u0107eva 3<br \/>\n10 000 Zagreb, Hrvatska<br \/>\n+ 385 (0) 1 4813 711<br \/>\ncroatiaf(at)croatia-film.hr[\/vc_column_text][\/vc_column][\/vc_row]\n","protected":false},"excerpt":{"rendered":"<p>[vc_row][vc_column][vc_column_text css=&#8221;.vc_custom_1526990327817{margin-bottom: 0px !important;}&#8221;] Izjava o za\u0161titi podataka [\/vc_column_text][mk_divider style=&#8221;padding_space&#8221;][vc_column_text css=&#8221;.vc_custom_1526989823710{margin-bottom: 0px !important;}&#8221;]Croatia film d.o.o., Zagreb (u daljem tekstu: \u201eCroatia film\u201c) kao i sva poduze\u0107a te tvrtke, posebno se raduju Va\u0161oj posjeti na\u0161e internetske stranice te Va\u0161em zanimanju za na\u0161e poduze\u0107e i proizvode.\u00a0Za\u0161titu Va\u0161ih osobnih podataka shva\u0107amo ozbiljno te \u017eelimo da se prilikom posjeta na\u0161oj [&hellip;]<\/p>\n","protected":false},"author":1,"featured_media":0,"parent":0,"menu_order":0,"comment_status":"closed","ping_status":"closed","template":"","meta":{"footnotes":""},"class_list":["post-13323","page","type-page","status-publish","hentry"],"yoast_head":"<!-- This site is optimized with the Yoast SEO plugin v27.4 - https:\/\/yoast.com\/product\/yoast-seo-wordpress\/ -->\n<title>Izjava o za\u0161titi podataka - Dje\u010dja televizija<\/title>\n<meta name=\"robots\" content=\"index, follow, max-snippet:-1, max-image-preview:large, max-video-preview:-1\" \/>\n<link rel=\"canonical\" href=\"https:\/\/djecja.tv\/?page_id=13323\" \/>\n<meta property=\"og:locale\" content=\"en_US\" \/>\n<meta property=\"og:type\" content=\"article\" \/>\n<meta property=\"og:title\" content=\"Izjava o za\u0161titi podataka - Dje\u010dja televizija\" \/>\n<meta property=\"og:description\" content=\"[vc_row][vc_column][vc_column_text css=&#8221;.vc_custom_1526990327817{margin-bottom: 0px !important;}&#8221;] Izjava o za\u0161titi podataka [\/vc_column_text][mk_divider style=&#8221;padding_space&#8221;][vc_column_text css=&#8221;.vc_custom_1526989823710{margin-bottom: 0px !important;}&#8221;]Croatia film d.o.o., Zagreb (u daljem tekstu: \u201eCroatia film\u201c) kao i sva poduze\u0107a te tvrtke, posebno se raduju Va\u0161oj posjeti na\u0161e internetske stranice te Va\u0161em zanimanju za na\u0161e poduze\u0107e i proizvode.\u00a0Za\u0161titu Va\u0161ih osobnih podataka shva\u0107amo ozbiljno te \u017eelimo da se prilikom posjeta na\u0161oj [&hellip;]\" \/>\n<meta property=\"og:url\" content=\"https:\/\/djecja.tv\/?page_id=13323\" \/>\n<meta property=\"og:site_name\" content=\"Dje\u010dja televizija\" \/>\n<meta property=\"article:modified_time\" content=\"2018-05-22T12:01:39+00:00\" \/>\n<meta name=\"twitter:card\" content=\"summary_large_image\" \/>\n<meta name=\"twitter:label1\" content=\"Est. reading time\" \/>\n\t<meta name=\"twitter:data1\" content=\"11 minutes\" \/>\n<script type=\"application\/ld+json\" class=\"yoast-schema-graph\">{\"@context\":\"https:\\\/\\\/schema.org\",\"@graph\":[{\"@type\":\"WebPage\",\"@id\":\"https:\\\/\\\/djecja.tv\\\/?page_id=13323\",\"url\":\"https:\\\/\\\/djecja.tv\\\/?page_id=13323\",\"name\":\"Izjava o za\u0161titi podataka - Dje\u010dja televizija\",\"isPartOf\":{\"@id\":\"https:\\\/\\\/djecja.tv\\\/#website\"},\"datePublished\":\"2018-05-22T11:53:16+00:00\",\"dateModified\":\"2018-05-22T12:01:39+00:00\",\"breadcrumb\":{\"@id\":\"https:\\\/\\\/djecja.tv\\\/?page_id=13323#breadcrumb\"},\"inLanguage\":\"en-US\",\"potentialAction\":[{\"@type\":\"ReadAction\",\"target\":[\"https:\\\/\\\/djecja.tv\\\/?page_id=13323\"]}]},{\"@type\":\"BreadcrumbList\",\"@id\":\"https:\\\/\\\/djecja.tv\\\/?page_id=13323#breadcrumb\",\"itemListElement\":[{\"@type\":\"ListItem\",\"position\":1,\"name\":\"Home\",\"item\":\"https:\\\/\\\/djecja.tv\\\/\"},{\"@type\":\"ListItem\",\"position\":2,\"name\":\"Izjava o za\u0161titi podataka\"}]},{\"@type\":\"WebSite\",\"@id\":\"https:\\\/\\\/djecja.tv\\\/#website\",\"url\":\"https:\\\/\\\/djecja.tv\\\/\",\"name\":\"Dje\u010dja televizija\",\"description\":\"\",\"potentialAction\":[{\"@type\":\"SearchAction\",\"target\":{\"@type\":\"EntryPoint\",\"urlTemplate\":\"https:\\\/\\\/djecja.tv\\\/?s={search_term_string}\"},\"query-input\":{\"@type\":\"PropertyValueSpecification\",\"valueRequired\":true,\"valueName\":\"search_term_string\"}}],\"inLanguage\":\"en-US\"}]}<\/script>\n<!-- \/ Yoast SEO plugin. -->","yoast_head_json":{"title":"Izjava o za\u0161titi podataka - Dje\u010dja televizija","robots":{"index":"index","follow":"follow","max-snippet":"max-snippet:-1","max-image-preview":"max-image-preview:large","max-video-preview":"max-video-preview:-1"},"canonical":"https:\/\/djecja.tv\/?page_id=13323","og_locale":"en_US","og_type":"article","og_title":"Izjava o za\u0161titi podataka - Dje\u010dja televizija","og_description":"[vc_row][vc_column][vc_column_text css=&#8221;.vc_custom_1526990327817{margin-bottom: 0px !important;}&#8221;] Izjava o za\u0161titi podataka [\/vc_column_text][mk_divider style=&#8221;padding_space&#8221;][vc_column_text css=&#8221;.vc_custom_1526989823710{margin-bottom: 0px !important;}&#8221;]Croatia film d.o.o., Zagreb (u daljem tekstu: \u201eCroatia film\u201c) kao i sva poduze\u0107a te tvrtke, posebno se raduju Va\u0161oj posjeti na\u0161e internetske stranice te Va\u0161em zanimanju za na\u0161e poduze\u0107e i proizvode.\u00a0Za\u0161titu Va\u0161ih osobnih podataka shva\u0107amo ozbiljno te \u017eelimo da se prilikom posjeta na\u0161oj [&hellip;]","og_url":"https:\/\/djecja.tv\/?page_id=13323","og_site_name":"Dje\u010dja televizija","article_modified_time":"2018-05-22T12:01:39+00:00","twitter_card":"summary_large_image","twitter_misc":{"Est. reading time":"11 minutes"},"schema":{"@context":"https:\/\/schema.org","@graph":[{"@type":"WebPage","@id":"https:\/\/djecja.tv\/?page_id=13323","url":"https:\/\/djecja.tv\/?page_id=13323","name":"Izjava o za\u0161titi podataka - Dje\u010dja televizija","isPartOf":{"@id":"https:\/\/djecja.tv\/#website"},"datePublished":"2018-05-22T11:53:16+00:00","dateModified":"2018-05-22T12:01:39+00:00","breadcrumb":{"@id":"https:\/\/djecja.tv\/?page_id=13323#breadcrumb"},"inLanguage":"en-US","potentialAction":[{"@type":"ReadAction","target":["https:\/\/djecja.tv\/?page_id=13323"]}]},{"@type":"BreadcrumbList","@id":"https:\/\/djecja.tv\/?page_id=13323#breadcrumb","itemListElement":[{"@type":"ListItem","position":1,"name":"Home","item":"https:\/\/djecja.tv\/"},{"@type":"ListItem","position":2,"name":"Izjava o za\u0161titi podataka"}]},{"@type":"WebSite","@id":"https:\/\/djecja.tv\/#website","url":"https:\/\/djecja.tv\/","name":"Dje\u010dja televizija","description":"","potentialAction":[{"@type":"SearchAction","target":{"@type":"EntryPoint","urlTemplate":"https:\/\/djecja.tv\/?s={search_term_string}"},"query-input":{"@type":"PropertyValueSpecification","valueRequired":true,"valueName":"search_term_string"}}],"inLanguage":"en-US"}]}},"publishpress_future_action":{"enabled":false,"date":"2026-04-30 19:35:39","action":"change-status","newStatus":"draft","terms":[],"taxonomy":"","extraData":[]},"publishpress_future_workflow_manual_trigger":{"enabledWorkflows":[]},"_links":{"self":[{"href":"https:\/\/djecja.tv\/index.php?rest_route=\/wp\/v2\/pages\/13323","targetHints":{"allow":["GET"]}}],"collection":[{"href":"https:\/\/djecja.tv\/index.php?rest_route=\/wp\/v2\/pages"}],"about":[{"href":"https:\/\/djecja.tv\/index.php?rest_route=\/wp\/v2\/types\/page"}],"author":[{"embeddable":true,"href":"https:\/\/djecja.tv\/index.php?rest_route=\/wp\/v2\/users\/1"}],"replies":[{"embeddable":true,"href":"https:\/\/djecja.tv\/index.php?rest_route=%2Fwp%2Fv2%2Fcomments&post=13323"}],"version-history":[{"count":5,"href":"https:\/\/djecja.tv\/index.php?rest_route=\/wp\/v2\/pages\/13323\/revisions"}],"predecessor-version":[{"id":13329,"href":"https:\/\/djecja.tv\/index.php?rest_route=\/wp\/v2\/pages\/13323\/revisions\/13329"}],"wp:attachment":[{"href":"https:\/\/djecja.tv\/index.php?rest_route=%2Fwp%2Fv2%2Fmedia&parent=13323"}],"curies":[{"name":"wp","href":"https:\/\/api.w.org\/{rel}","templated":true}]}}