{"id":10883,"date":"2016-10-31T09:27:42","date_gmt":"2016-10-31T08:27:42","guid":{"rendered":"http:\/\/djecja.tv\/?page_id=10883"},"modified":"2016-12-06T09:24:06","modified_gmt":"2016-12-06T08:24:06","slug":"popis-djecjih-vrtica-koje-hlapic-daruje-poklon-paketom","status":"publish","type":"page","link":"https:\/\/djecja.tv\/?page_id=10883","title":{"rendered":"POPIS DJE\u010cJIH VRTI\u0106A KOJE HLAPI\u0106 DARUJE POKLON PAKETOM"},"content":{"rendered":"[vc_row][vc_column][mk_image src=&#8221;http:\/\/djecja.tv\/wp-content\/uploads\/2016\/10\/banner-popis-vrtica.jpg&#8221; image_size=&#8221;full&#8221;][mk_divider style=&#8221;padding_space&#8221;][vc_column_text]1. DJE\u010cJI VRTI\u0106 \u201e\u0160PANSKO\u201c, ZAGREB<br \/>\n2. DJE\u010cJI VRTI\u0106 \u201ePETRINJ\u010cICA\u201c, OBJEKT \u201eKAPLJICA\u201c, PETRINJA<br \/>\n3. DJE\u010cJI VRTI\u0106 \u201eIVANI\u0106 GRAD\u201c, OBJEKT \u201eSUNCOKRET\u201c<br \/>\n4. DJE\u010cJI VRTI\u0106 \u201eKARLOVAC\u201c, OBJEKT \u201eNOVI CENTAR\u201c<br \/>\n5. DJE\u010cJI VRTI\u0106 \u201eKOR\u010cULA\u201c<br \/>\n6. DJE\u010cJI VRTI\u0106 \u201eZVJEZDICA\u201c, NEDELI\u0160\u0106E<br \/>\n7. DJE\u010cJI VRTI\u0106 \u201eCVR\u010cAK\u201c, OBJEKT \u201eMASLA\u010cAK\u201c, \u010cAKOVEC<br \/>\n8. DJE\u010cJI VRTI\u0106 \u201eSUNCOKRETI\u201c, PEKLENICA<br \/>\n9. DJE\u010cJI VRTI\u0106 \u201e\u010cA\u010cINCI\u201c<br \/>\n10. DJE\u010cJI VRTI\u0106 \u201eTINTILINI\u0106\u201c, SLAVONSKI BROD<br \/>\n11. DJE\u010cJI VRTI\u0106 \u201eP\u010cELICE\u201c, IVANOVEC<br \/>\n12. DJE\u010cJI VRTI\u0106 \u201eZIPKICA\u201c, ZABOK<br \/>\n13. DJE\u010cJI VRTI\u0106 \u201eDADO\u201c, \u0160TINJAN<br \/>\n14. DJE\u010cJI VRTI\u0106 PRI O.\u0160. SKRAD<br \/>\n15. DJE\u010cJI VRTI\u0106 \u201eJOSIPDOL\u201c<br \/>\n16. DJE\u010cJI VRTI\u0106 \u201e\u010cAVLI\u0106\u201c, \u010cAVLE<br \/>\n17. DJE\u010cJI VRTI\u0106 \u201eLEPTIRI\u0106I\u201c, PRED\u0160KOLSKA USTANOVA \u201eDJE\u010cJA MA\u0160TA\u201c, ZEBANEC SELO<br \/>\n18. DJE\u010cJI VRTI\u0106 \u201ePETRINJ\u010cICA\u201c, OBJEKT \u201eIZVOR\u201c, PETRINJA<br \/>\n19. DJE\u010cJI VRTI\u0106 \u201eCIPELICA\u201c, \u010cAKOVEC<br \/>\n20. DJE\u010cJI VRTI\u0106 \u201ePOLETARAC\u201c, ZAGREB<br \/>\n21. DJE\u010cJI VRTI\u0106 \u201eRIBICA\u201c, \u017dABNIK, SVETI MARTIN NA MURI<br \/>\n22. DJE\u010cJI VRTI\u0106 \u201eRAVNA GORA\u201c<br \/>\n23. DJE\u010cJI VRTI\u0106 \u201eNAZARET\u201c, RIJEKA<br \/>\n24. DJE\u010cJI VRTI\u0106 \u201eBUBAMARA\u201c, GLINA<br \/>\n25. DJE\u010cJI VRTI\u0106 \u201eMILANA SACHSA\u201c, ZAGREB<br \/>\n26. DJE\u010cJI VRTI\u0106 \u201eRADOST\u201c, NOVA GRADI\u0160KA\u201c<br \/>\n27. DJE\u010cJI VRTI\u0106 \u201eKOSJENKA\u201c SLAVONSKI BROD<br \/>\n28. DJE\u010cJI VRTI\u0106 \u201e\u010cAROBNO OGLEDALCE\u201c, VARA\u017dDINSKE TOPLICE<br \/>\n29. DJE\u010cJI VRTI\u0106 \u201ePOTO\u010cNICA\u201c, ZAGREB<br \/>\n30. DJE\u010cJI VRTI\u0106 \u201eSMILJE\u201c, OBJEKT \u201eGRA\u0110A\u201c, \u0160IBENIK<br \/>\n31. DJE\u010cJI VRTI\u0106 \u201eVI\u0160NJAN\u201c<br \/>\n32. DJE\u010cJI VRTI\u0106 \u201e\u010cAROLIJA\u201c, \u017dAKANJE<br \/>\n33. DJE\u010cJI VRTI\u0106 \u201eZVRK\u201c, \u0110AKOVO<br \/>\n34. DJE\u010cJI VRTI\u0106 \u201eVLAKI\u0106\u201c,VARA\u017dDIN<br \/>\n35. DJE\u010cJI VRTI\u0106\u201cBEDEKOV\u010cINA\u201c<br \/>\n36. DJE\u010cJI VRTI\u0106 \u201eBUBAMARA\u201c, BENKOVAC<br \/>\n37. DJE\u010cJI VRTI\u0106 \u201eRO\u017dICA\u201c, VELIKO TRGOVI\u0160\u0106E<br \/>\n38. DJE\u010cJI VRTI\u0106 \u201ePLO\u010cE\u201c, OBJEKT ROGOTIN<br \/>\n39. DJE\u010cJI VRTI\u0106 \u201eRADOST\u201c, NOVSKA<br \/>\n40. DJE\u010cJI VRTI\u0106 \u201eBAMBI\u201c, VRBOVSKO<br \/>\n41. DJE\u010cJI VRTI\u0106 \u201ePETRINJ\u010cICA\u201c, OBJEKT \u201eSLAP\u201c<br \/>\n42. DJE\u010cJI VRTI\u0106 \u201eRODA\u201c, IVANI\u0106 GRAD<br \/>\n43. DJE\u010cJI VRTI\u0106 \u201eOP\u0106INE PRIMO\u0160TEN\u201c<br \/>\n44. DJE\u010cJI VRTI\u0106 \u201e\u0160IBENSKA MASLINA\u201c, OBJEKT P\u010cELICA, \u0160IBENIK<br \/>\n45. DJE\u010cJI VRTI\u0106 \u201eMASLA\u010cAK\u201c, \u0110UR\u0110EVAC<br \/>\n46. DJE\u010cJI VRTI\u0106 \u201eMOJ DAN-MY DAY\u201c, PULA<br \/>\n47. DJE\u010cJI VRTI\u0106 \u201eVRAP\u010cE\u201c, OBJEKT \u201eMIHOVILA GRA\u010cANINA\u201c, ZAGREB<br \/>\n48. DJE\u010cJI VRTI\u0106 \u201e\u0160IBENSKA MASLINA\u201c, OBJEKT KU\u0106ICA, \u0160IBENIK<br \/>\n49. DJE\u010cJI VRTI\u0106 \u201eBUBAMARA\u201c, BJELOVAR<br \/>\n50. DJE\u010cJI VRTI\u0106 \u201eDRNI\u0160\u201c<br \/>\n51. DJE\u010cJI VRTI\u0106 \u201eCVR\u010cAK\u201c, PODRU\u010cNI VRTI\u0106 \u201e\u0160E\u0106ERANA\u201c, BELI MANASTIR<br \/>\n52. DJE\u010cJI VRTI\u0106 \u201eIGRA\u201c, KOPRIVNICA<br \/>\n53. DJE\u010cJI VRTI\u0106 \u201eTRE\u0160NJEVKA\u201c, ZAGREB<br \/>\n54. DJE\u010cJI VRTI\u0106 \u201eHLOJKICA\u201c, DELNICE<br \/>\n55. DJE\u010cJI VRTI\u0106 \u201eVARA\u017dDIN\u201c, OBJEKT \u201eTRAKO\u0160\u0106ANSKA\u201c<br \/>\n56. DJE\u010cJI VRTI\u0106 \u201eBUKOVAC\u201c, ZAGREB<br \/>\n57. DJE\u010cJI VRTI\u0106 \u201eDUGI RAT\u201c<br \/>\n58. DJE\u010cJI VRTI\u0106 \u201eP\u010cELICA\u201c, \u010cAZMA<br \/>\n59. DJE\u010cJI VRTI\u0106 \u201e\u017dIREK\u201c, VELIKA GORICA<br \/>\n60. DJE\u010cJI VRTI\u0106 \u201ePINOKIO\u201c, RIJEKA<br \/>\n61. MALA \u0160KOLA \u201eKRAVARSKO\u201c<br \/>\n62. UDRUGA \u201eDJE\u010cJE RUKE\u201c \u2013 IGRAONICA \u201eBO\u0160NJACI\u201c, BO\u0160NJACI<br \/>\n63. DJE\u010cJI VRTI\u0106 \u201eMAKSIMIR\u201c, ZAGREB<br \/>\n64. DJE\u010cJI VRTI\u0106 \u201eSMJE\u0160AK\u201c, KOPRIVNICA<br \/>\n65. DJE\u010cJI VRTI\u0106 \u201e\u0160EGRT HLAPI\u0106\u201c, SESVETE<br \/>\n66. UDRUGA \u201eLEPTIR\u201c, IGRAONICA \u201eMRAV\u201c, DONJI ANDRIJEVCI<br \/>\n67. DJE\u010cJI VRTI\u0106 \u201eBLATO\u201c<br \/>\n68. DJE\u010cJI VRTI\u0106 \u201eSTON\u201c<br \/>\n69. DJE\u010cJI VRTI\u0106 \u201eLASTAVICA\u201c, LASTOVO<br \/>\n70. DJE\u010cJI VRTI\u0106 \u201eSUNCOKRET\u201c, NOVIGRAD<br \/>\n71. PROGRAM PRED\u0160KOLSKOG ODGOJA I PRED\u0160KOLE PRI O.\u0160. \u201eLOVAS\u201c<br \/>\n72. DJE\u010cJI VRTI\u0106 \u201eVOJNI\u0106\u201c<br \/>\n73. DJE\u010cJI VRTI\u0106 \u201eJOSIPDOL\u201c<br \/>\n74. PROGRAM PRED\u0160KOLE PRI O.\u0160. \u201eGENERALSKI STOL\u201c<br \/>\n75. PROGRAM PRED\u0160KOLE PRI O.\u0160. \u201ePLA\u0160KI\u201c<br \/>\n76. PROGRAM PRED\u0160KOLE PRI O.\u0160. \u201eKATARINE ZRINSKI\u201c, KRNJAK<br \/>\n77. PROGRAM PRED\u0160KOLE PRI O.\u0160. \u201eANTUN KLASINC\u201c, LASINJA<br \/>\n78. PRED\u0160KOLSKI PROGRAM PRI O.\u0160. \u201eDONJI LAPAC\u201c<br \/>\n79. PRED\u0160KOLSKI PROGRAM PRI O.\u0160. \u201eDR. ANTE STAR\u010cEVI\u0106\u201c, PAZARI\u0160TE KLANAC<br \/>\n80. DJE\u010cJI VRTI\u0106 \u201eMEDO\u201c, UDBINA<br \/>\n81. DJE\u010cJI VRTI\u0106 \u201eCICIBAN\u201c, OTO\u010cAC<br \/>\n82. DJE\u010cJI VRTI\u0106 \u201eTRATIN\u010cICA\u201c, BRINJE<br \/>\n83. DJE\u010cJI VRTI\u0106 \u201eSLAPI\u0106\u201c, KORENICA<br \/>\n84. PROGRAM PRED\u0160KOLE PRI O.\u0160. \u201eJOSIPA KOZARCA\u201c, SEMELJCI<br \/>\n85. DJE\u010cJI VRTI\u0106 \u201eMOJ BAMBI\u201c, VALPOVO<br \/>\n86. DJE\u010cJI VRTI\u0106 \u201eMASLA\u010cAK\u201c, BELI\u0160\u0106E<br \/>\n87. DJE\u010cJI VRTI\u0106 \u201eGRLICA\u201c, BILJE<br \/>\n88. DJE\u010cJI VRTI\u0106 \u201eREGO\u010c\u201c, TENJA<br \/>\n89. DJE\u010cJI VRTI\u0106 \u201eMASLA\u010cAK\u201c, PAKRAC<br \/>\n90. DJE\u010cJI VRTI\u0106 \u201eJAK\u0160I\u0106\u201c<br \/>\n91. DJE\u010cJI VRTI\u0106 \u201eBUBAMARA\u201c, \u010cABAR<br \/>\n92. PROGRAM PRED\u0160KOLSKOG ODGOJA PRI O.\u0160. \u201eRUDOLFA STROHALA\u201c, LOKVE<br \/>\n93. PROGRAM PRED\u0160KOLSKOG ODGOJA PRI O.\u0160. \u201eBROD MORAVICE\u201c<br \/>\n94. DJE\u010cJI VRTI\u0106 \u201eKRIJESNICA\u201c, HRVATSKA KOSTAJNICA<br \/>\n95. PROGRAM PRED\u0160KOLSKOG ODGOJA PRI O.\u0160. \u201eGVOZD\u201c<br \/>\n96. DJE\u010cJI VRTI\u0106 \u201eKOMI\u017dA\u201c<br \/>\n97. DJE\u010cJI VRTI\u0106 \u201eVIS\u201c<br \/>\n98. DJE\u010cJI VRTI\u0106 \u201eSUNCE\u201c, BRODARICA<br \/>\n99. PROGRAM PRED\u0160KOLE PRI O.\u0160. \u201eIVAN KOZARAC\u201c, NIJEMCI<br \/>\n100. KRA\u0106I PROGRAM PRED\u0160KOLE PRI O.\u0160. \u201eKISTANJE\u201c[\/vc_column_text][mk_divider style=&#8221;padding_space&#8221;][vc_column_text]<strong>Paketi \u0107e se mo\u0107i podi\u0107i od 05.12.2016. u Hlapi\u0107evom du\u0107anu, Katan\u010di\u0107eva 3 u Zagrebu ili na neki drugi dogovoreni na\u010din, uz predo\u010denje identifikacijskog dokumenta osobe koja ga preuzima.<\/strong>[\/vc_column_text][\/vc_column][\/vc_row]\n","protected":false},"excerpt":{"rendered":"<p>[vc_row][vc_column][mk_image src=&#8221;http:\/\/djecja.tv\/wp-content\/uploads\/2016\/10\/banner-popis-vrtica.jpg&#8221; image_size=&#8221;full&#8221;][mk_divider style=&#8221;padding_space&#8221;][vc_column_text]1. DJE\u010cJI VRTI\u0106 \u201e\u0160PANSKO\u201c, ZAGREB 2. DJE\u010cJI VRTI\u0106 \u201ePETRINJ\u010cICA\u201c, OBJEKT \u201eKAPLJICA\u201c, PETRINJA 3. DJE\u010cJI VRTI\u0106 \u201eIVANI\u0106 GRAD\u201c, OBJEKT \u201eSUNCOKRET\u201c 4. DJE\u010cJI VRTI\u0106 \u201eKARLOVAC\u201c, OBJEKT \u201eNOVI CENTAR\u201c 5. DJE\u010cJI VRTI\u0106 \u201eKOR\u010cULA\u201c 6. DJE\u010cJI VRTI\u0106 \u201eZVJEZDICA\u201c, NEDELI\u0160\u0106E 7. DJE\u010cJI VRTI\u0106 \u201eCVR\u010cAK\u201c, OBJEKT \u201eMASLA\u010cAK\u201c, \u010cAKOVEC 8. DJE\u010cJI VRTI\u0106 \u201eSUNCOKRETI\u201c, PEKLENICA 9. DJE\u010cJI VRTI\u0106 \u201e\u010cA\u010cINCI\u201c 10. [&hellip;]<\/p>\n","protected":false},"author":1,"featured_media":0,"parent":0,"menu_order":0,"comment_status":"closed","ping_status":"closed","template":"","meta":{"footnotes":""},"class_list":["post-10883","page","type-page","status-publish","hentry"],"yoast_head":"<!-- This site is optimized with the Yoast SEO plugin v27.4 - https:\/\/yoast.com\/product\/yoast-seo-wordpress\/ -->\n<title>POPIS DJE\u010cJIH VRTI\u0106A KOJE HLAPI\u0106 DARUJE POKLON PAKETOM - Dje\u010dja televizija<\/title>\n<meta name=\"robots\" content=\"index, follow, max-snippet:-1, max-image-preview:large, max-video-preview:-1\" \/>\n<link rel=\"canonical\" href=\"https:\/\/djecja.tv\/?page_id=10883\" \/>\n<meta property=\"og:locale\" content=\"en_US\" \/>\n<meta property=\"og:type\" content=\"article\" \/>\n<meta property=\"og:title\" content=\"POPIS DJE\u010cJIH VRTI\u0106A KOJE HLAPI\u0106 DARUJE POKLON PAKETOM - Dje\u010dja televizija\" \/>\n<meta property=\"og:description\" content=\"[vc_row][vc_column][mk_image src=&#8221;http:\/\/djecja.tv\/wp-content\/uploads\/2016\/10\/banner-popis-vrtica.jpg&#8221; image_size=&#8221;full&#8221;][mk_divider style=&#8221;padding_space&#8221;][vc_column_text]1. DJE\u010cJI VRTI\u0106 \u201e\u0160PANSKO\u201c, ZAGREB 2. DJE\u010cJI VRTI\u0106 \u201ePETRINJ\u010cICA\u201c, OBJEKT \u201eKAPLJICA\u201c, PETRINJA 3. DJE\u010cJI VRTI\u0106 \u201eIVANI\u0106 GRAD\u201c, OBJEKT \u201eSUNCOKRET\u201c 4. DJE\u010cJI VRTI\u0106 \u201eKARLOVAC\u201c, OBJEKT \u201eNOVI CENTAR\u201c 5. DJE\u010cJI VRTI\u0106 \u201eKOR\u010cULA\u201c 6. DJE\u010cJI VRTI\u0106 \u201eZVJEZDICA\u201c, NEDELI\u0160\u0106E 7. DJE\u010cJI VRTI\u0106 \u201eCVR\u010cAK\u201c, OBJEKT \u201eMASLA\u010cAK\u201c, \u010cAKOVEC 8. DJE\u010cJI VRTI\u0106 \u201eSUNCOKRETI\u201c, PEKLENICA 9. DJE\u010cJI VRTI\u0106 \u201e\u010cA\u010cINCI\u201c 10. [&hellip;]\" \/>\n<meta property=\"og:url\" content=\"https:\/\/djecja.tv\/?page_id=10883\" \/>\n<meta property=\"og:site_name\" content=\"Dje\u010dja televizija\" \/>\n<meta property=\"article:modified_time\" content=\"2016-12-06T08:24:06+00:00\" \/>\n<meta name=\"twitter:card\" content=\"summary_large_image\" \/>\n<meta name=\"twitter:label1\" content=\"Est. reading time\" \/>\n\t<meta name=\"twitter:data1\" content=\"4 minutes\" \/>\n<script type=\"application\/ld+json\" class=\"yoast-schema-graph\">{\"@context\":\"https:\\\/\\\/schema.org\",\"@graph\":[{\"@type\":\"WebPage\",\"@id\":\"https:\\\/\\\/djecja.tv\\\/?page_id=10883\",\"url\":\"https:\\\/\\\/djecja.tv\\\/?page_id=10883\",\"name\":\"POPIS DJE\u010cJIH VRTI\u0106A KOJE HLAPI\u0106 DARUJE POKLON PAKETOM - Dje\u010dja televizija\",\"isPartOf\":{\"@id\":\"https:\\\/\\\/djecja.tv\\\/#website\"},\"datePublished\":\"2016-10-31T08:27:42+00:00\",\"dateModified\":\"2016-12-06T08:24:06+00:00\",\"breadcrumb\":{\"@id\":\"https:\\\/\\\/djecja.tv\\\/?page_id=10883#breadcrumb\"},\"inLanguage\":\"en-US\",\"potentialAction\":[{\"@type\":\"ReadAction\",\"target\":[\"https:\\\/\\\/djecja.tv\\\/?page_id=10883\"]}]},{\"@type\":\"BreadcrumbList\",\"@id\":\"https:\\\/\\\/djecja.tv\\\/?page_id=10883#breadcrumb\",\"itemListElement\":[{\"@type\":\"ListItem\",\"position\":1,\"name\":\"Home\",\"item\":\"https:\\\/\\\/djecja.tv\\\/\"},{\"@type\":\"ListItem\",\"position\":2,\"name\":\"POPIS DJE\u010cJIH VRTI\u0106A KOJE HLAPI\u0106 DARUJE POKLON PAKETOM\"}]},{\"@type\":\"WebSite\",\"@id\":\"https:\\\/\\\/djecja.tv\\\/#website\",\"url\":\"https:\\\/\\\/djecja.tv\\\/\",\"name\":\"Dje\u010dja televizija\",\"description\":\"\",\"potentialAction\":[{\"@type\":\"SearchAction\",\"target\":{\"@type\":\"EntryPoint\",\"urlTemplate\":\"https:\\\/\\\/djecja.tv\\\/?s={search_term_string}\"},\"query-input\":{\"@type\":\"PropertyValueSpecification\",\"valueRequired\":true,\"valueName\":\"search_term_string\"}}],\"inLanguage\":\"en-US\"}]}<\/script>\n<!-- \/ Yoast SEO plugin. -->","yoast_head_json":{"title":"POPIS DJE\u010cJIH VRTI\u0106A KOJE HLAPI\u0106 DARUJE POKLON PAKETOM - Dje\u010dja televizija","robots":{"index":"index","follow":"follow","max-snippet":"max-snippet:-1","max-image-preview":"max-image-preview:large","max-video-preview":"max-video-preview:-1"},"canonical":"https:\/\/djecja.tv\/?page_id=10883","og_locale":"en_US","og_type":"article","og_title":"POPIS DJE\u010cJIH VRTI\u0106A KOJE HLAPI\u0106 DARUJE POKLON PAKETOM - Dje\u010dja televizija","og_description":"[vc_row][vc_column][mk_image src=&#8221;http:\/\/djecja.tv\/wp-content\/uploads\/2016\/10\/banner-popis-vrtica.jpg&#8221; image_size=&#8221;full&#8221;][mk_divider style=&#8221;padding_space&#8221;][vc_column_text]1. DJE\u010cJI VRTI\u0106 \u201e\u0160PANSKO\u201c, ZAGREB 2. DJE\u010cJI VRTI\u0106 \u201ePETRINJ\u010cICA\u201c, OBJEKT \u201eKAPLJICA\u201c, PETRINJA 3. DJE\u010cJI VRTI\u0106 \u201eIVANI\u0106 GRAD\u201c, OBJEKT \u201eSUNCOKRET\u201c 4. DJE\u010cJI VRTI\u0106 \u201eKARLOVAC\u201c, OBJEKT \u201eNOVI CENTAR\u201c 5. DJE\u010cJI VRTI\u0106 \u201eKOR\u010cULA\u201c 6. DJE\u010cJI VRTI\u0106 \u201eZVJEZDICA\u201c, NEDELI\u0160\u0106E 7. DJE\u010cJI VRTI\u0106 \u201eCVR\u010cAK\u201c, OBJEKT \u201eMASLA\u010cAK\u201c, \u010cAKOVEC 8. DJE\u010cJI VRTI\u0106 \u201eSUNCOKRETI\u201c, PEKLENICA 9. DJE\u010cJI VRTI\u0106 \u201e\u010cA\u010cINCI\u201c 10. [&hellip;]","og_url":"https:\/\/djecja.tv\/?page_id=10883","og_site_name":"Dje\u010dja televizija","article_modified_time":"2016-12-06T08:24:06+00:00","twitter_card":"summary_large_image","twitter_misc":{"Est. reading time":"4 minutes"},"schema":{"@context":"https:\/\/schema.org","@graph":[{"@type":"WebPage","@id":"https:\/\/djecja.tv\/?page_id=10883","url":"https:\/\/djecja.tv\/?page_id=10883","name":"POPIS DJE\u010cJIH VRTI\u0106A KOJE HLAPI\u0106 DARUJE POKLON PAKETOM - Dje\u010dja televizija","isPartOf":{"@id":"https:\/\/djecja.tv\/#website"},"datePublished":"2016-10-31T08:27:42+00:00","dateModified":"2016-12-06T08:24:06+00:00","breadcrumb":{"@id":"https:\/\/djecja.tv\/?page_id=10883#breadcrumb"},"inLanguage":"en-US","potentialAction":[{"@type":"ReadAction","target":["https:\/\/djecja.tv\/?page_id=10883"]}]},{"@type":"BreadcrumbList","@id":"https:\/\/djecja.tv\/?page_id=10883#breadcrumb","itemListElement":[{"@type":"ListItem","position":1,"name":"Home","item":"https:\/\/djecja.tv\/"},{"@type":"ListItem","position":2,"name":"POPIS DJE\u010cJIH VRTI\u0106A KOJE HLAPI\u0106 DARUJE POKLON PAKETOM"}]},{"@type":"WebSite","@id":"https:\/\/djecja.tv\/#website","url":"https:\/\/djecja.tv\/","name":"Dje\u010dja televizija","description":"","potentialAction":[{"@type":"SearchAction","target":{"@type":"EntryPoint","urlTemplate":"https:\/\/djecja.tv\/?s={search_term_string}"},"query-input":{"@type":"PropertyValueSpecification","valueRequired":true,"valueName":"search_term_string"}}],"inLanguage":"en-US"}]}},"publishpress_future_action":{"enabled":false,"date":"2026-05-01 11:06:54","action":"change-status","newStatus":"draft","terms":[],"taxonomy":"","extraData":[]},"publishpress_future_workflow_manual_trigger":{"enabledWorkflows":[]},"_links":{"self":[{"href":"https:\/\/djecja.tv\/index.php?rest_route=\/wp\/v2\/pages\/10883","targetHints":{"allow":["GET"]}}],"collection":[{"href":"https:\/\/djecja.tv\/index.php?rest_route=\/wp\/v2\/pages"}],"about":[{"href":"https:\/\/djecja.tv\/index.php?rest_route=\/wp\/v2\/types\/page"}],"author":[{"embeddable":true,"href":"https:\/\/djecja.tv\/index.php?rest_route=\/wp\/v2\/users\/1"}],"replies":[{"embeddable":true,"href":"https:\/\/djecja.tv\/index.php?rest_route=%2Fwp%2Fv2%2Fcomments&post=10883"}],"version-history":[{"count":8,"href":"https:\/\/djecja.tv\/index.php?rest_route=\/wp\/v2\/pages\/10883\/revisions"}],"predecessor-version":[{"id":11026,"href":"https:\/\/djecja.tv\/index.php?rest_route=\/wp\/v2\/pages\/10883\/revisions\/11026"}],"wp:attachment":[{"href":"https:\/\/djecja.tv\/index.php?rest_route=%2Fwp%2Fv2%2Fmedia&parent=10883"}],"curies":[{"name":"wp","href":"https:\/\/api.w.org\/{rel}","templated":true}]}}